{"id":19,"date":"2019-02-04T13:49:30","date_gmt":"2019-02-04T12:49:30","guid":{"rendered":"http:\/\/dlahutnikow.pl\/?page_id=19"},"modified":"2023-01-10T12:10:44","modified_gmt":"2023-01-10T11:10:44","slug":"ubrania-zaroodporne","status":"publish","type":"page","link":"https:\/\/dlahutnikow.pl\/index.php\/odziez-metalizowana-rekawice-zaroodporne\/ubrania-zaroodporne\/","title":{"rendered":"Ubrania metalizowane"},"content":{"rendered":"\n<h2 class=\"wp-block-heading\">Ubrania metalizowane \u017caroodporne<\/h2>\n\n\n\n<div class=\"wp-block-columns has-2-columns is-layout-flex wp-container-core-columns-is-layout-9d6595d7 wp-block-columns-is-layout-flex\">\n<div class=\"wp-block-column is-layout-flow wp-block-column-is-layout-flow\">\n<figure class=\"wp-block-image\"><img loading=\"lazy\" decoding=\"async\" width=\"800\" height=\"739\" src=\"http:\/\/dlahutnikow.pl\/wp-content\/uploads\/2019\/06\/02k.jpg\" alt=\"\" class=\"wp-image-307\" srcset=\"https:\/\/dlahutnikow.pl\/wp-content\/uploads\/2019\/06\/02k.jpg 800w, https:\/\/dlahutnikow.pl\/wp-content\/uploads\/2019\/06\/02k-300x277.jpg 300w, https:\/\/dlahutnikow.pl\/wp-content\/uploads\/2019\/06\/02k-768x709.jpg 768w, https:\/\/dlahutnikow.pl\/wp-content\/uploads\/2019\/06\/02k-600x554.jpg 600w, https:\/\/dlahutnikow.pl\/wp-content\/uploads\/2019\/06\/02k-173x160.jpg 173w\" sizes=\"auto, (max-width: 800px) 100vw, 800px\" \/><\/figure>\n<\/div>\n\n\n\n<div class=\"wp-block-column is-layout-flow wp-block-column-is-layout-flow\">\n<p>Ubrania metalizowane \u017caroodporne nale\u017cy stosowa\u0107 na wszystkich stanowiskach, na kt\u00f3rych wyst\u0119puj\u0105 zagro\u017cenia w postaci promieniowania konwekcyjnego, promieniowania cieplnego, gor\u0105cych iskier oraz odprysk\u00f3w metalu i \u017cu\u017cla.<\/p>\n\n\n\n<p>Oferowana przez nas odzie\u017c ochronna jest  wyj\u0105tkowo lekka, komfortowa i trwa\u0142a. Wykonana z materia\u0142\u00f3w metalizowanych r\u00f3\u017cnej gramatury dla spe\u0142nienia wymog\u00f3w r\u00f3\u017cnych stanowisk pracy. W ofercie znajd\u0105 Pa\u0144stwo: <a rel=\"noreferrer noopener\" href=\"https:\/\/dlahutnikow.pl\/index.php\/kurtki-metalizowane\/\" target=\"_blank\">kurtki<\/a>, <a rel=\"noreferrer noopener\" href=\"https:\/\/dlahutnikow.pl\/index.php\/spodnie-metalizowane\/\" target=\"_blank\">spodnie<\/a>, <a rel=\"noreferrer noopener\" href=\"https:\/\/dlahutnikow.pl\/index.php\/plaszcze-metalizowane\/\" target=\"_blank\">p\u0142aszcze<\/a>, <a rel=\"noreferrer noopener\" href=\"https:\/\/dlahutnikow.pl\/index.php\/odziez-metalizowana-rekawice-zaroodporne\/ubrania-zaroodporne\/fartuchy-metalizowane-2\/\" target=\"_blank\">fartuchy<\/a>, <a rel=\"noreferrer noopener\" href=\"https:\/\/dlahutnikow.pl\/index.php\/odziez-metalizowana-rekawice-zaroodporne\/ubrania-zaroodporne\/fartuchy-przednie-metalizowane\/\" target=\"_blank\">fartuchy przednie<\/a>.<\/p>\n\n\n\n<p>Wszystkie oferowane przez nas ubrania certyfikowane s\u0105 na zgodno\u015b\u0107 z norm\u0105 europejsk\u0105 EN 11612<em> Odzie\u017c ochronna &#8211; odzie\u017c do ochrony przed czynnikami gor\u0105cymi i p\u0142omieniem<\/em>.&nbsp;Posiadaj\u0105 oznaczenie CE. Produkowane od lat&nbsp;przez europejskie firmy specjalizuj\u0105ce si\u0119 w izolacjach termicznych. Spe\u0142niaj\u0105 wszelkie wymogi bezpiecze\u0144stwa co potwierdzaj\u0105 certyfikaty oraz opinie klient\u00f3w, w tym najwi\u0119kszych producent\u00f3w stali w Europie.<\/p>\n<\/div>\n<\/div>\n","protected":false},"excerpt":{"rendered":"<p>Ubrania metalizowane \u017caroodporne Ubrania metalizowane \u017caroodporne nale\u017cy stosowa\u0107 na wszystkich stanowiskach, na kt\u00f3rych wyst\u0119puj\u0105 zagro\u017cenia w postaci promieniowania konwekcyjnego, promieniowania cieplnego, gor\u0105cych iskier oraz odprysk\u00f3w metalu i \u017cu\u017cla. Oferowana przez nas odzie\u017c ochronna jest wyj\u0105tkowo lekka, komfortowa i trwa\u0142a. Wykonana z materia\u0142\u00f3w metalizowanych r\u00f3\u017cnej gramatury dla spe\u0142nienia wymog\u00f3w r\u00f3\u017cnych stanowisk pracy. W ofercie znajd\u0105 Pa\u0144stwo:&hellip;&nbsp;<a href=\"https:\/\/dlahutnikow.pl\/index.php\/odziez-metalizowana-rekawice-zaroodporne\/ubrania-zaroodporne\/\" rel=\"bookmark\">Dowiedz si\u0119 wi\u0119cej &raquo;<span class=\"screen-reader-text\">Ubrania metalizowane<\/span><\/a><\/p>\n","protected":false},"author":1,"featured_media":0,"parent":2,"menu_order":0,"comment_status":"closed","ping_status":"closed","template":"","meta":{"neve_meta_sidebar":"","neve_meta_container":"","neve_meta_enable_content_width":"","neve_meta_content_width":0,"neve_meta_title_alignment":"","neve_meta_author_avatar":"","neve_post_elements_order":"","neve_meta_disable_header":"","neve_meta_disable_footer":"","neve_meta_disable_title":"","footnotes":""},"class_list":["post-19","page","type-page","status-publish","hentry"],"aioseo_notices":[],"_links":{"self":[{"href":"https:\/\/dlahutnikow.pl\/index.php\/wp-json\/wp\/v2\/pages\/19","targetHints":{"allow":["GET"]}}],"collection":[{"href":"https:\/\/dlahutnikow.pl\/index.php\/wp-json\/wp\/v2\/pages"}],"about":[{"href":"https:\/\/dlahutnikow.pl\/index.php\/wp-json\/wp\/v2\/types\/page"}],"author":[{"embeddable":true,"href":"https:\/\/dlahutnikow.pl\/index.php\/wp-json\/wp\/v2\/users\/1"}],"replies":[{"embeddable":true,"href":"https:\/\/dlahutnikow.pl\/index.php\/wp-json\/wp\/v2\/comments?post=19"}],"version-history":[{"count":5,"href":"https:\/\/dlahutnikow.pl\/index.php\/wp-json\/wp\/v2\/pages\/19\/revisions"}],"predecessor-version":[{"id":732,"href":"https:\/\/dlahutnikow.pl\/index.php\/wp-json\/wp\/v2\/pages\/19\/revisions\/732"}],"up":[{"embeddable":true,"href":"https:\/\/dlahutnikow.pl\/index.php\/wp-json\/wp\/v2\/pages\/2"}],"wp:attachment":[{"href":"https:\/\/dlahutnikow.pl\/index.php\/wp-json\/wp\/v2\/media?parent=19"}],"curies":[{"name":"wp","href":"https:\/\/api.w.org\/{rel}","templated":true}]}}