{"id":2,"date":"2019-02-01T12:39:52","date_gmt":"2019-02-01T11:39:52","guid":{"rendered":"http:\/\/dlahutnikow.pl\/?page_id=2"},"modified":"2023-01-10T12:02:51","modified_gmt":"2023-01-10T11:02:51","slug":"odziez-metalizowana-rekawice-zaroodporne","status":"publish","type":"page","link":"https:\/\/dlahutnikow.pl\/","title":{"rendered":"Odzie\u017c metalizowana r\u0119kawice \u017caroodporne"},"content":{"rendered":"\n<figure class=\"wp-block-image alignwide size-large\"><img loading=\"lazy\" decoding=\"async\" width=\"1024\" height=\"215\" src=\"https:\/\/dlahutnikow.pl\/wp-content\/uploads\/2019\/02\/Ubrania_aluminizowane-1024x215.png\" alt=\"Odzie\u017c metalizowana Giordani Giancarlo\" class=\"wp-image-10\" title=\"\" srcset=\"https:\/\/dlahutnikow.pl\/wp-content\/uploads\/2019\/02\/Ubrania_aluminizowane-1024x215.png 1024w, https:\/\/dlahutnikow.pl\/wp-content\/uploads\/2019\/02\/Ubrania_aluminizowane-300x63.png 300w, https:\/\/dlahutnikow.pl\/wp-content\/uploads\/2019\/02\/Ubrania_aluminizowane-768x161.png 768w, https:\/\/dlahutnikow.pl\/wp-content\/uploads\/2019\/02\/Ubrania_aluminizowane.png 1821w\" sizes=\"auto, (max-width: 1024px) 100vw, 1024px\" \/><figcaption class=\"wp-element-caption\"><br><\/figcaption><\/figure>\n\n\n\n<p>Je\u017celi szukacie Pa\u0144stwo specjalistycznej odzie\u017cy do ochrony przed promieniowaniem cieplnym, wysok\u0105 temperatur\u0105, gor\u0105cymi odpryskami to bardzo dobrze trafili\u015bcie. Jeste\u015bmy dystrybutorem najwy\u017cszej jako\u015bci odzie\u017cy metalizowanej \u017caroodpornej. Odzie\u017c metalizowana, trudnopalna i r\u0119kawice s\u0105 certyfikowane na zgodno\u015b\u0107 z normami: EN ISO 11612, EN 11611, EN 388, EN 407, EN 420. Oferujemy ubrania metalizowane, r\u0119kawice \u017caroodporne, ubrania trudnopalne, bielizn\u0119 trudnopaln\u0105, os\u0142ony twarzy hutnicze i kominiarki. Zapewniamy pomoc w doborze odpowiedniego ubrania ochronnego dostosowanego do warunk\u00f3w panuj\u0105cych w hutach, odlewniach, walcowniach, stalowniach i ku\u017aniach. Oferujemy r\u00f3wnie\u017c kurtyny, zas\u0142ony i izolacje termiczne przeznaczone do zabezpieczania stanowisk pracy, urz\u0105dze\u0144, przyrz\u0105d\u00f3w itp.<\/p>\n\n\n\n<p>Odzie\u017c metalizowana, r\u0119kawice \u017caroodporne.<br>Dostawca specjalistycznej odzie\u017cy metalizowanej, r\u0119kawic \u017caroodpornych i wszelkich ochron potrzebnych na stanowiskach gor\u0105ce. Profesjonalna pomoc w doborze ochron indywidualnych. Zabezpieczymy przed wysok\u0105 temperatur\u0105, promieniowaniem cieplnym, gor\u0105cymi odpryskami. <br><br><a href=\"http:\/\/dlahutnikow.pl\/index.php\/produkty\/\">Ubrania \u017caroodporne dla hutnik\u00f3w,<\/a> r\u0119kawice metalizowane. Ubrania trudnopalne, kurtyny, zas\u0142ony i izolacje termiczne przeznaczone do zabezpieczania stanowisk pracy, urz\u0105dze\u0144, przyrz\u0105d\u00f3w itp.<br><br>Je\u017celi szukacie Pa\u0144stwo specjalistycznej odzie\u017cy metalizowanej do ochrony przed promieniowaniem cieplnym, wysok\u0105 temperatur\u0105, gor\u0105cymi odpryskami to bardzo dobrze trafili\u015bcie. Jeste\u015bmy dystrybutorem najwy\u017cszej jako\u015bci odzie\u017cy metalizowanej \u017caroochronnej produkowanej przez firm\u0119 Giordiani Giancarlo.<\/p>\n\n\n\n<p>Zapewniamy przede wszystkim pomoc w doborze odpowiedniego ubrania ochronnego dostosowanego do warunk\u00f3w panuj\u0105cych w hutach, odlewniach, walcowniach, stalowniach i ku\u017aniach. Oferujemy tak\u017ce  w\u0119\u017ce, kurtyny, zas\u0142ony i izolacje termiczne przeznaczone do zabezpieczania stanowisk pracy, urz\u0105dze\u0144, przyrz\u0105d\u00f3w itp. Zapewniamy r\u00f3wnie\u017c <a href=\"http:\/\/ochronnekorekcyjne.pl\">okulary ochronne korekcyjne<\/a> bhp.<\/p>\n","protected":false},"excerpt":{"rendered":"<p>Je\u017celi szukacie Pa\u0144stwo specjalistycznej odzie\u017cy do ochrony przed promieniowaniem cieplnym, wysok\u0105 temperatur\u0105, gor\u0105cymi odpryskami to bardzo dobrze trafili\u015bcie. Jeste\u015bmy dystrybutorem najwy\u017cszej jako\u015bci odzie\u017cy metalizowanej \u017caroodpornej. Odzie\u017c metalizowana, trudnopalna i r\u0119kawice s\u0105 certyfikowane na zgodno\u015b\u0107 z normami: EN ISO 11612, EN 11611, EN 388, EN 407, EN 420. Oferujemy ubrania metalizowane, r\u0119kawice \u017caroodporne, ubrania trudnopalne, bielizn\u0119&hellip;&nbsp;<a href=\"https:\/\/dlahutnikow.pl\/\" rel=\"bookmark\">Dowiedz si\u0119 wi\u0119cej &raquo;<span class=\"screen-reader-text\">Odzie\u017c metalizowana r\u0119kawice \u017caroodporne<\/span><\/a><\/p>\n","protected":false},"author":1,"featured_media":0,"parent":0,"menu_order":0,"comment_status":"closed","ping_status":"closed","template":"","meta":{"neve_meta_sidebar":"default","neve_meta_container":"","neve_meta_enable_content_width":"","neve_meta_content_width":70,"neve_meta_title_alignment":"center","neve_meta_author_avatar":"","neve_post_elements_order":"","neve_meta_disable_header":"","neve_meta_disable_footer":"","neve_meta_disable_title":"","footnotes":""},"class_list":["post-2","page","type-page","status-publish","hentry"],"aioseo_notices":[],"_links":{"self":[{"href":"https:\/\/dlahutnikow.pl\/index.php\/wp-json\/wp\/v2\/pages\/2","targetHints":{"allow":["GET"]}}],"collection":[{"href":"https:\/\/dlahutnikow.pl\/index.php\/wp-json\/wp\/v2\/pages"}],"about":[{"href":"https:\/\/dlahutnikow.pl\/index.php\/wp-json\/wp\/v2\/types\/page"}],"author":[{"embeddable":true,"href":"https:\/\/dlahutnikow.pl\/index.php\/wp-json\/wp\/v2\/users\/1"}],"replies":[{"embeddable":true,"href":"https:\/\/dlahutnikow.pl\/index.php\/wp-json\/wp\/v2\/comments?post=2"}],"version-history":[{"count":20,"href":"https:\/\/dlahutnikow.pl\/index.php\/wp-json\/wp\/v2\/pages\/2\/revisions"}],"predecessor-version":[{"id":730,"href":"https:\/\/dlahutnikow.pl\/index.php\/wp-json\/wp\/v2\/pages\/2\/revisions\/730"}],"wp:attachment":[{"href":"https:\/\/dlahutnikow.pl\/index.php\/wp-json\/wp\/v2\/media?parent=2"}],"curies":[{"name":"wp","href":"https:\/\/api.w.org\/{rel}","templated":true}]}}