{"id":24,"date":"2019-02-04T13:46:32","date_gmt":"2019-02-04T12:46:32","guid":{"rendered":"http:\/\/dlahutnikow.pl\/?page_id=24"},"modified":"2023-01-10T12:35:01","modified_gmt":"2023-01-10T11:35:01","slug":"rekawice-zaroodporne","status":"publish","type":"page","link":"https:\/\/dlahutnikow.pl\/index.php\/rekawice-zaroodporne\/","title":{"rendered":"R\u0119kawice \u017caroodporne"},"content":{"rendered":"\n<p>Wa\u017cnym elementem ochrony indywidualnej na stanowiskach gor\u0105cych s\u0105 r\u0119kawice \u017caroodporne. W\u0142a\u015bciwy dob\u00f3r r\u0119kawic nale\u017cy robi\u0107 wg. nast\u0119puj\u0105cych parametr\u00f3w:<br>&#8211; <strong>temperatura kontaktu<\/strong> (jaka jest temperatura przedmiot\u00f3w, z kt\u00f3rymi maj\u0105 pracowa\u0107)<br>&#8211; <strong>temperatura promieniowania<\/strong>, je\u015bli jest silne promieniowanie cieplne wa\u017cne, aby r\u0119kawice mia\u0142y pow\u0142ok\u0119 metalizowan\u0105 od zewn\u0119trznej strony<br>&#8211; <strong>ilo\u015b\u0107 palc\u00f3w<\/strong>, czy praca wymaga manualno\u015bci, je\u015bli tak sugerowane jest aby r\u0119kawice mia\u0142y 5 palc\u00f3w<br>&#8211; <strong>d\u0142ugo\u015b\u0107 r\u0119kawicy<\/strong>, je\u015bli r\u0119kawice dope\u0142niaj\u0105 ubranie metalizowane wystarczy je\u015bli maj\u0105 30 cm, je\u015bli s\u0105 stosowane same proponowane s\u0105 d\u0142ugie &#8211; 50 cm<br>R\u0119kawice \u017caroodporne stosowane s\u0105 wsz\u0119dzie tam, gdzie u\u017cytkownik ma kontakt z gor\u0105cymi przedmiotami. Proponowane r\u0119kawice charakteryzuj\u0105 si\u0119 wysok\u0105 odporno\u015bci\u0105 termiczn\u0105 i mechaniczn\u0105 oraz du\u017c\u0105 sprawno\u015bci\u0105 manualn\u0105.<\/p>\n\n\n\n<figure class=\"wp-block-gallery aligncenter has-nested-images columns-default is-cropped wp-block-gallery-1 is-layout-flex wp-block-gallery-is-layout-flex\">\n<figure class=\"wp-block-image\"><img loading=\"lazy\" decoding=\"async\" width=\"726\" height=\"1024\" data-id=\"197\" src=\"https:\/\/dlahutnikow.pl\/wp-content\/uploads\/2019\/03\/100rk-726x1024.jpg\" alt=\"R\u0119kawice ognioochronne kevlar metalizowane Giordani\" class=\"wp-image-197\" srcset=\"https:\/\/dlahutnikow.pl\/wp-content\/uploads\/2019\/03\/100rk-726x1024.jpg 726w, https:\/\/dlahutnikow.pl\/wp-content\/uploads\/2019\/03\/100rk-213x300.jpg 213w, https:\/\/dlahutnikow.pl\/wp-content\/uploads\/2019\/03\/100rk-768x1083.jpg 768w, https:\/\/dlahutnikow.pl\/wp-content\/uploads\/2019\/03\/100rk-426x600.jpg 426w, https:\/\/dlahutnikow.pl\/wp-content\/uploads\/2019\/03\/100rk-113x160.jpg 113w, https:\/\/dlahutnikow.pl\/wp-content\/uploads\/2019\/03\/100rk.jpg 800w\" sizes=\"auto, (max-width: 726px) 100vw, 726px\" \/><\/figure>\n\n\n\n<figure class=\"wp-block-image\"><img loading=\"lazy\" decoding=\"async\" width=\"796\" height=\"1024\" data-id=\"301\" src=\"https:\/\/dlahutnikow.pl\/wp-content\/uploads\/2019\/06\/Sk\u00f3ra-metalizowana-796x1024.jpg\" alt=\"R\u0119kawice ognioochronne sk\u00f3rzane metalizowane Giordani\" class=\"wp-image-301\" srcset=\"https:\/\/dlahutnikow.pl\/wp-content\/uploads\/2019\/06\/Sk\u00f3ra-metalizowana-796x1024.jpg 796w, https:\/\/dlahutnikow.pl\/wp-content\/uploads\/2019\/06\/Sk\u00f3ra-metalizowana-233x300.jpg 233w, https:\/\/dlahutnikow.pl\/wp-content\/uploads\/2019\/06\/Sk\u00f3ra-metalizowana-768x988.jpg 768w, https:\/\/dlahutnikow.pl\/wp-content\/uploads\/2019\/06\/Sk\u00f3ra-metalizowana-466x600.jpg 466w, https:\/\/dlahutnikow.pl\/wp-content\/uploads\/2019\/06\/Sk\u00f3ra-metalizowana-124x160.jpg 124w, https:\/\/dlahutnikow.pl\/wp-content\/uploads\/2019\/06\/Sk\u00f3ra-metalizowana.jpg 800w\" sizes=\"auto, (max-width: 796px) 100vw, 796px\" \/><\/figure>\n<\/figure>\n\n\n\n<figure class=\"wp-block-gallery has-nested-images columns-default is-cropped wp-block-gallery-2 is-layout-flex wp-block-gallery-is-layout-flex\"><\/figure>\n","protected":false},"excerpt":{"rendered":"<p>Wa\u017cnym elementem ochrony indywidualnej na stanowiskach gor\u0105cych s\u0105 r\u0119kawice \u017caroodporne. W\u0142a\u015bciwy dob\u00f3r r\u0119kawic nale\u017cy robi\u0107 wg. nast\u0119puj\u0105cych parametr\u00f3w:&#8211; temperatura kontaktu (jaka jest temperatura przedmiot\u00f3w, z kt\u00f3rymi maj\u0105 pracowa\u0107)&#8211; temperatura promieniowania, je\u015bli jest silne promieniowanie cieplne wa\u017cne, aby r\u0119kawice mia\u0142y pow\u0142ok\u0119 metalizowan\u0105 od zewn\u0119trznej strony&#8211; ilo\u015b\u0107 palc\u00f3w, czy praca wymaga manualno\u015bci, je\u015bli tak sugerowane jest aby&hellip;&nbsp;<a href=\"https:\/\/dlahutnikow.pl\/index.php\/rekawice-zaroodporne\/\" rel=\"bookmark\">Dowiedz si\u0119 wi\u0119cej &raquo;<span class=\"screen-reader-text\">R\u0119kawice \u017caroodporne<\/span><\/a><\/p>\n","protected":false},"author":1,"featured_media":0,"parent":0,"menu_order":0,"comment_status":"closed","ping_status":"closed","template":"","meta":{"neve_meta_sidebar":"","neve_meta_container":"","neve_meta_enable_content_width":"","neve_meta_content_width":0,"neve_meta_title_alignment":"","neve_meta_author_avatar":"","neve_post_elements_order":"","neve_meta_disable_header":"","neve_meta_disable_footer":"","neve_meta_disable_title":"","footnotes":""},"class_list":["post-24","page","type-page","status-publish","hentry"],"aioseo_notices":[],"_links":{"self":[{"href":"https:\/\/dlahutnikow.pl\/index.php\/wp-json\/wp\/v2\/pages\/24","targetHints":{"allow":["GET"]}}],"collection":[{"href":"https:\/\/dlahutnikow.pl\/index.php\/wp-json\/wp\/v2\/pages"}],"about":[{"href":"https:\/\/dlahutnikow.pl\/index.php\/wp-json\/wp\/v2\/types\/page"}],"author":[{"embeddable":true,"href":"https:\/\/dlahutnikow.pl\/index.php\/wp-json\/wp\/v2\/users\/1"}],"replies":[{"embeddable":true,"href":"https:\/\/dlahutnikow.pl\/index.php\/wp-json\/wp\/v2\/comments?post=24"}],"version-history":[{"count":6,"href":"https:\/\/dlahutnikow.pl\/index.php\/wp-json\/wp\/v2\/pages\/24\/revisions"}],"predecessor-version":[{"id":740,"href":"https:\/\/dlahutnikow.pl\/index.php\/wp-json\/wp\/v2\/pages\/24\/revisions\/740"}],"wp:attachment":[{"href":"https:\/\/dlahutnikow.pl\/index.php\/wp-json\/wp\/v2\/media?parent=24"}],"curies":[{"name":"wp","href":"https:\/\/api.w.org\/{rel}","templated":true}]}}