{"id":39,"date":"2019-02-05T13:02:29","date_gmt":"2019-02-05T12:02:29","guid":{"rendered":"http:\/\/dlahutnikow.pl\/?page_id=39"},"modified":"2023-01-10T12:24:29","modified_gmt":"2023-01-10T11:24:29","slug":"ubrania-trudnopalne","status":"publish","type":"page","link":"https:\/\/dlahutnikow.pl\/index.php\/odziez-metalizowana-rekawice-zaroodporne\/ubrania-trudnopalne\/","title":{"rendered":"Ubrania trudnopalne"},"content":{"rendered":"\n<h4 class=\"has-text-align-center wp-block-heading\"><\/h4>\n\n\n\n<p>Ubrania trudnopalne stanowi\u0105 doskona\u0142e po\u0142\u0105czenie komfortu u\u017cytkowania z ochron\u0105 przed ryzykami wyst\u0119puj\u0105cymi na stanowiskach gor\u0105cych. Mog\u0105 by\u0107 noszone samodzielnie lub jako uzupe\u0142nienie odzie\u017cy metalizowanej.<\/p>\n\n\n\n<p>Bielizna trudnopalna zapewnia podstawow\u0105 ochron\u0119 przed czynnikami gor\u0105cymi i powinna by\u0107 noszona z ubraniami metalizowanymi lub trudnopalnymi.<\/p>\n\n\n\n<div class=\"wp-block-columns has-2-columns is-layout-flex wp-container-core-columns-is-layout-9d6595d7 wp-block-columns-is-layout-flex\">\n<div class=\"wp-block-column is-layout-flow wp-block-column-is-layout-flow\">\n<figure class=\"wp-block-image\"><img loading=\"lazy\" decoding=\"async\" width=\"431\" height=\"621\" src=\"http:\/\/dlahutnikow.pl\/wp-content\/uploads\/2019\/02\/Kurtka-e1550748517702.jpg\" alt=\"\" class=\"wp-image-166\" srcset=\"https:\/\/dlahutnikow.pl\/wp-content\/uploads\/2019\/02\/Kurtka-e1550748517702.jpg 431w, https:\/\/dlahutnikow.pl\/wp-content\/uploads\/2019\/02\/Kurtka-e1550748517702-208x300.jpg 208w, https:\/\/dlahutnikow.pl\/wp-content\/uploads\/2019\/02\/Kurtka-e1550748517702-416x600.jpg 416w, https:\/\/dlahutnikow.pl\/wp-content\/uploads\/2019\/02\/Kurtka-e1550748517702-111x160.jpg 111w\" sizes=\"auto, (max-width: 431px) 100vw, 431px\" \/><\/figure>\n<\/div>\n\n\n\n<div class=\"wp-block-column is-layout-flow wp-block-column-is-layout-flow\">\n<figure class=\"wp-block-image is-resized\"><img loading=\"lazy\" decoding=\"async\" src=\"http:\/\/dlahutnikow.pl\/wp-content\/uploads\/2019\/07\/sml28-417x1024.jpg\" alt=\"\" class=\"wp-image-442\" width=\"240\" height=\"588\" srcset=\"https:\/\/dlahutnikow.pl\/wp-content\/uploads\/2019\/07\/sml28-417x1024.jpg 417w, https:\/\/dlahutnikow.pl\/wp-content\/uploads\/2019\/07\/sml28-122x300.jpg 122w, https:\/\/dlahutnikow.pl\/wp-content\/uploads\/2019\/07\/sml28-768x1886.jpg 768w, https:\/\/dlahutnikow.pl\/wp-content\/uploads\/2019\/07\/sml28-65x160.jpg 65w\" sizes=\"auto, (max-width: 240px) 100vw, 240px\" \/><\/figure>\n<\/div>\n<\/div>\n\n\n\n<p><br><\/p>\n","protected":false},"excerpt":{"rendered":"<p>Ubrania trudnopalne stanowi\u0105 doskona\u0142e po\u0142\u0105czenie komfortu u\u017cytkowania z ochron\u0105 przed ryzykami wyst\u0119puj\u0105cymi na stanowiskach gor\u0105cych. Mog\u0105 by\u0107 noszone samodzielnie lub jako uzupe\u0142nienie odzie\u017cy metalizowanej. Bielizna trudnopalna zapewnia podstawow\u0105 ochron\u0119 przed czynnikami gor\u0105cymi i powinna by\u0107 noszona z ubraniami metalizowanymi lub trudnopalnymi.<\/p>\n","protected":false},"author":1,"featured_media":0,"parent":2,"menu_order":0,"comment_status":"closed","ping_status":"closed","template":"","meta":{"neve_meta_sidebar":"","neve_meta_container":"","neve_meta_enable_content_width":"","neve_meta_content_width":0,"neve_meta_title_alignment":"","neve_meta_author_avatar":"","neve_post_elements_order":"","neve_meta_disable_header":"","neve_meta_disable_footer":"","neve_meta_disable_title":"","footnotes":""},"class_list":["post-39","page","type-page","status-publish","hentry"],"aioseo_notices":[],"_links":{"self":[{"href":"https:\/\/dlahutnikow.pl\/index.php\/wp-json\/wp\/v2\/pages\/39","targetHints":{"allow":["GET"]}}],"collection":[{"href":"https:\/\/dlahutnikow.pl\/index.php\/wp-json\/wp\/v2\/pages"}],"about":[{"href":"https:\/\/dlahutnikow.pl\/index.php\/wp-json\/wp\/v2\/types\/page"}],"author":[{"embeddable":true,"href":"https:\/\/dlahutnikow.pl\/index.php\/wp-json\/wp\/v2\/users\/1"}],"replies":[{"embeddable":true,"href":"https:\/\/dlahutnikow.pl\/index.php\/wp-json\/wp\/v2\/comments?post=39"}],"version-history":[{"count":62,"href":"https:\/\/dlahutnikow.pl\/index.php\/wp-json\/wp\/v2\/pages\/39\/revisions"}],"predecessor-version":[{"id":736,"href":"https:\/\/dlahutnikow.pl\/index.php\/wp-json\/wp\/v2\/pages\/39\/revisions\/736"}],"up":[{"embeddable":true,"href":"https:\/\/dlahutnikow.pl\/index.php\/wp-json\/wp\/v2\/pages\/2"}],"wp:attachment":[{"href":"https:\/\/dlahutnikow.pl\/index.php\/wp-json\/wp\/v2\/media?parent=39"}],"curies":[{"name":"wp","href":"https:\/\/api.w.org\/{rel}","templated":true}]}}