{"id":394,"date":"2019-07-22T10:23:10","date_gmt":"2019-07-22T08:23:10","guid":{"rendered":"http:\/\/dlahutnikow.pl\/?page_id=394"},"modified":"2023-01-10T11:19:54","modified_gmt":"2023-01-10T10:19:54","slug":"kurtki-metalizowane","status":"publish","type":"page","link":"https:\/\/dlahutnikow.pl\/index.php\/kurtki-metalizowane\/","title":{"rendered":"Kurtki metalizowane"},"content":{"rendered":"\n<div class=\"wp-block-columns has-2-columns is-layout-flex wp-container-core-columns-is-layout-9d6595d7 wp-block-columns-is-layout-flex\"><div class=\"wp-block-column\">\n<p><!--EndFragment--><\/p>\n<p>Kurtki ochronne \u017caroodporne metalizowane stanowi\u0105 ochron\u0119 tu\u0142owia i ramion przed czynnikami gor\u0105cymi, takimi jak: promieniowanie konwekcyjne, promieniowanie cieplne, odpryski stopionych metali (mi\u0119dzy innymi aluminium i stali).<br \/>Znajduj\u0105 zastosowanie w odlewniach, hutach stali, hutach aluminium, hutach szk\u0142a.<br \/>Zapi\u0119cie z przodu na zatrzaski i rzepy. Ko\u0142nierzyk typu st\u00f3jka.<br \/>Szycie: nici aramidowe<br \/>Rozmiary: M, L, XL, XXL, XXXL<br \/>Dost\u0119pne w gramaturach 360 g\/m\u00b2 i 475 g\/m\u00b2<br \/>D\u0142ugo\u015b\u0107 80 cm<\/p>\n<p>Gramatura 360 g\/m\u00b2<br \/>Materia\u0142: lekki i mi\u0119kki metalizowany preox-aramid.<br \/>Norma: EN ISO 11612 A1 B1 C3 D3 E3<\/p>\n<p>Gramatura: 475 g\/m\u00b2<br \/>Materia\u0142: metalizowany aramid.<br \/>Norma: EN ISO 11612 A1 B1 C3 D3 E3 F1<\/p>\n<p><br \/><br \/><\/p>\n<\/div>\n\n<div class=\"wp-block-column is-layout-flow wp-block-column-is-layout-flow\">\n\n<figure class=\"wp-block-image\"><img loading=\"lazy\" decoding=\"async\" width=\"800\" height=\"739\" src=\"http:\/\/dlahutnikow.pl\/wp-content\/uploads\/2019\/06\/02k.jpg\" alt=\"\" class=\"wp-image-307\" srcset=\"https:\/\/dlahutnikow.pl\/wp-content\/uploads\/2019\/06\/02k.jpg 800w, https:\/\/dlahutnikow.pl\/wp-content\/uploads\/2019\/06\/02k-300x277.jpg 300w, https:\/\/dlahutnikow.pl\/wp-content\/uploads\/2019\/06\/02k-768x709.jpg 768w, https:\/\/dlahutnikow.pl\/wp-content\/uploads\/2019\/06\/02k-600x554.jpg 600w, https:\/\/dlahutnikow.pl\/wp-content\/uploads\/2019\/06\/02k-173x160.jpg 173w\" sizes=\"auto, (max-width: 800px) 100vw, 800px\" \/><\/figure>\n\n<\/div>\n\n<\/div>\n","protected":false},"excerpt":{"rendered":"","protected":false},"author":1,"featured_media":0,"parent":0,"menu_order":0,"comment_status":"closed","ping_status":"closed","template":"","meta":{"neve_meta_sidebar":"","neve_meta_container":"","neve_meta_enable_content_width":"","neve_meta_content_width":0,"neve_meta_title_alignment":"","neve_meta_author_avatar":"","neve_post_elements_order":"","neve_meta_disable_header":"","neve_meta_disable_footer":"","neve_meta_disable_title":"","footnotes":""},"class_list":["post-394","page","type-page","status-publish","hentry"],"aioseo_notices":[],"_links":{"self":[{"href":"https:\/\/dlahutnikow.pl\/index.php\/wp-json\/wp\/v2\/pages\/394","targetHints":{"allow":["GET"]}}],"collection":[{"href":"https:\/\/dlahutnikow.pl\/index.php\/wp-json\/wp\/v2\/pages"}],"about":[{"href":"https:\/\/dlahutnikow.pl\/index.php\/wp-json\/wp\/v2\/types\/page"}],"author":[{"embeddable":true,"href":"https:\/\/dlahutnikow.pl\/index.php\/wp-json\/wp\/v2\/users\/1"}],"replies":[{"embeddable":true,"href":"https:\/\/dlahutnikow.pl\/index.php\/wp-json\/wp\/v2\/comments?post=394"}],"version-history":[{"count":5,"href":"https:\/\/dlahutnikow.pl\/index.php\/wp-json\/wp\/v2\/pages\/394\/revisions"}],"predecessor-version":[{"id":717,"href":"https:\/\/dlahutnikow.pl\/index.php\/wp-json\/wp\/v2\/pages\/394\/revisions\/717"}],"wp:attachment":[{"href":"https:\/\/dlahutnikow.pl\/index.php\/wp-json\/wp\/v2\/media?parent=394"}],"curies":[{"name":"wp","href":"https:\/\/api.w.org\/{rel}","templated":true}]}}