{"id":395,"date":"2019-07-22T10:23:10","date_gmt":"2019-07-22T08:23:10","guid":{"rendered":"http:\/\/dlahutnikow.pl\/?page_id=395"},"modified":"2023-01-10T12:50:58","modified_gmt":"2023-01-10T11:50:58","slug":"spodnie-metalizowane","status":"publish","type":"page","link":"https:\/\/dlahutnikow.pl\/index.php\/spodnie-metalizowane\/","title":{"rendered":"Spodnie metalizowane"},"content":{"rendered":"\n<div class=\"wp-block-columns has-2-columns is-layout-flex wp-container-core-columns-is-layout-9d6595d7 wp-block-columns-is-layout-flex\"><div class=\"wp-block-column\">\n<p><!--EndFragment--><\/p>\n<p>Spodnie ochronne \u017caroodporne metalizowane stanowi\u0105 ochron\u0119 n\u00f3g przed czynnikami gor\u0105cymi, takimi jak: promieniowanie konwekcyjne, promieniowanie cieplne, odpryski stopionych metali (mi\u0119dzy innymi aluminium i stali).<br \/>Znajduj\u0105 zastosowanie w odlewniach, hutach stali, hutach aluminium, hutach szk\u0142a.<br \/>Zapi\u0119cie z przodu na rzep. Opcjonalnie elastyczne szelki.<br \/>Szycie: nici aramidowe<br \/>Rozmiary: M, L, XL, XXL, XXXL<br \/>Dost\u0119pne w gramaturach 360 g\/m\u00b2 i 475 g\/m\u00b2<br \/>D\u0142ugo\u015b\u0107 100 cm<\/p>\n<p>Gramatura 360 g\/m\u00b2<br \/>Materia\u0142: lekki i mi\u0119kki metalizowany preox-aramid.<br \/>Norma: EN ISO 11612 A1 B1 C3 D3 E3<\/p>\n<p>Gramatura: 475 g\/m\u00b2<br \/>Materia\u0142: metalizowany aramid.<br \/>Norma: EN ISO 11612 A1 B1 C3 D3 E3 F1<\/p>\n<p><br \/><br \/><\/p>\n<\/div>\n\n<div class=\"wp-block-column is-layout-flow wp-block-column-is-layout-flow\">\n\n<figure class=\"wp-block-image\"><img loading=\"lazy\" decoding=\"async\" width=\"710\" height=\"1024\" src=\"http:\/\/dlahutnikow.pl\/wp-content\/uploads\/2019\/08\/spodnie-metalizowane-1-710x1024.jpg\" alt=\"\" class=\"wp-image-475\" srcset=\"https:\/\/dlahutnikow.pl\/wp-content\/uploads\/2019\/08\/spodnie-metalizowane-1.jpg 710w, https:\/\/dlahutnikow.pl\/wp-content\/uploads\/2019\/08\/spodnie-metalizowane-1-208x300.jpg 208w, https:\/\/dlahutnikow.pl\/wp-content\/uploads\/2019\/08\/spodnie-metalizowane-1-416x600.jpg 416w, https:\/\/dlahutnikow.pl\/wp-content\/uploads\/2019\/08\/spodnie-metalizowane-1-111x160.jpg 111w\" sizes=\"auto, (max-width: 710px) 100vw, 710px\" \/><\/figure>\n\n<\/div>\n\n<\/div>\n","protected":false},"excerpt":{"rendered":"","protected":false},"author":1,"featured_media":0,"parent":0,"menu_order":0,"comment_status":"closed","ping_status":"closed","template":"","meta":{"neve_meta_sidebar":"","neve_meta_container":"","neve_meta_enable_content_width":"","neve_meta_content_width":0,"neve_meta_title_alignment":"","neve_meta_author_avatar":"","neve_post_elements_order":"","neve_meta_disable_header":"","neve_meta_disable_footer":"","neve_meta_disable_title":"","footnotes":""},"class_list":["post-395","page","type-page","status-publish","hentry"],"aioseo_notices":[],"_links":{"self":[{"href":"https:\/\/dlahutnikow.pl\/index.php\/wp-json\/wp\/v2\/pages\/395","targetHints":{"allow":["GET"]}}],"collection":[{"href":"https:\/\/dlahutnikow.pl\/index.php\/wp-json\/wp\/v2\/pages"}],"about":[{"href":"https:\/\/dlahutnikow.pl\/index.php\/wp-json\/wp\/v2\/types\/page"}],"author":[{"embeddable":true,"href":"https:\/\/dlahutnikow.pl\/index.php\/wp-json\/wp\/v2\/users\/1"}],"replies":[{"embeddable":true,"href":"https:\/\/dlahutnikow.pl\/index.php\/wp-json\/wp\/v2\/comments?post=395"}],"version-history":[{"count":6,"href":"https:\/\/dlahutnikow.pl\/index.php\/wp-json\/wp\/v2\/pages\/395\/revisions"}],"predecessor-version":[{"id":744,"href":"https:\/\/dlahutnikow.pl\/index.php\/wp-json\/wp\/v2\/pages\/395\/revisions\/744"}],"wp:attachment":[{"href":"https:\/\/dlahutnikow.pl\/index.php\/wp-json\/wp\/v2\/media?parent=395"}],"curies":[{"name":"wp","href":"https:\/\/api.w.org\/{rel}","templated":true}]}}