{"id":398,"date":"2019-07-22T10:23:10","date_gmt":"2019-07-22T08:23:10","guid":{"rendered":"http:\/\/dlahutnikow.pl\/?page_id=398"},"modified":"2023-01-10T12:22:39","modified_gmt":"2023-01-10T11:22:39","slug":"fartuchy-przednie-metalizowane","status":"publish","type":"page","link":"https:\/\/dlahutnikow.pl\/index.php\/odziez-metalizowana-rekawice-zaroodporne\/ubrania-zaroodporne\/fartuchy-przednie-metalizowane\/","title":{"rendered":"Fartuchy przednie metalizowane"},"content":{"rendered":"\n<div class=\"wp-block-columns has-2-columns is-layout-flex wp-container-core-columns-is-layout-9d6595d7 wp-block-columns-is-layout-flex\">\n<div class=\"wp-block-column is-layout-flow wp-block-column-is-layout-flow\">\n<p>Fartuchy przednie metalizowane \u017caroodporne stanowi\u0105 ochron\u0119 przedniej cz\u0119\u015bci tu\u0142owia i ramion przed czynnikami gor\u0105cymi, takimi jak: promieniowanie konwekcyjne, promieniowanie cieplne, odpryski stopionych metali (mi\u0119dzy innymi aluminium i stali).<br> Znajduj\u0105 zastosowanie w odlewniach, hutach stali, hutach aluminium, hutach szk\u0142a.<br> Zapi\u0119cie z ty\u0142u na zatrzaski i rzepy. Ko\u0142nierzyk typu st\u00f3jka.<br> Szycie: nici aramidowe<br> Rozmiary: M, L, XL, XXL, XXXL<br> Dost\u0119pne w gramaturach 360 g\/m\u00b2  i 475 g\/m\u00b2 <br> D\u0142ugo\u015b\u0107 120 cm, 150 cm<\/p>\n\n\n\n<p>Gramatura 360 g\/m\u00b2<br> Materia\u0142: lekki i mi\u0119kki metalizowany preox-aramid.<br> Norma: EN ISO 11612 A1 B1 C3 D3 E3 F1<\/p>\n\n\n\n<p>Gramatura: 475 g\/m\u00b2<br> Materia\u0142: metalizowany aramid.<br> Norma: EN ISO 11612 A1 B1 C3 D3 E3 F1<\/p>\n<\/div>\n\n\n\n<div class=\"wp-block-column is-layout-flow wp-block-column-is-layout-flow\"><div class=\"wp-block-image\">\n<figure class=\"aligncenter is-resized\"><img loading=\"lazy\" decoding=\"async\" src=\"http:\/\/dlahutnikow.pl\/wp-content\/uploads\/2019\/02\/13kp-695x1024.jpg\" alt=\"Fartuch przedni metalizowany\" width=\"269\" height=\"396\"\/><\/figure>\n<\/div><\/div>\n<\/div>\n","protected":false},"excerpt":{"rendered":"<p>Fartuchy przednie metalizowane \u017caroodporne stanowi\u0105 ochron\u0119 przedniej cz\u0119\u015bci tu\u0142owia i ramion przed czynnikami gor\u0105cymi, takimi jak: promieniowanie konwekcyjne, promieniowanie cieplne, odpryski stopionych metali (mi\u0119dzy innymi aluminium i stali). Znajduj\u0105 zastosowanie w odlewniach, hutach stali, hutach aluminium, hutach szk\u0142a. Zapi\u0119cie z ty\u0142u na zatrzaski i rzepy. Ko\u0142nierzyk typu st\u00f3jka. Szycie: nici aramidowe Rozmiary: M, L, XL,&hellip;&nbsp;<a href=\"https:\/\/dlahutnikow.pl\/index.php\/odziez-metalizowana-rekawice-zaroodporne\/ubrania-zaroodporne\/fartuchy-przednie-metalizowane\/\" rel=\"bookmark\">Dowiedz si\u0119 wi\u0119cej &raquo;<span class=\"screen-reader-text\">Fartuchy przednie metalizowane<\/span><\/a><\/p>\n","protected":false},"author":1,"featured_media":0,"parent":19,"menu_order":0,"comment_status":"closed","ping_status":"closed","template":"","meta":{"neve_meta_sidebar":"","neve_meta_container":"","neve_meta_enable_content_width":"","neve_meta_content_width":0,"neve_meta_title_alignment":"","neve_meta_author_avatar":"","neve_post_elements_order":"","neve_meta_disable_header":"","neve_meta_disable_footer":"","neve_meta_disable_title":"","footnotes":""},"class_list":["post-398","page","type-page","status-publish","hentry"],"aioseo_notices":[],"_links":{"self":[{"href":"https:\/\/dlahutnikow.pl\/index.php\/wp-json\/wp\/v2\/pages\/398","targetHints":{"allow":["GET"]}}],"collection":[{"href":"https:\/\/dlahutnikow.pl\/index.php\/wp-json\/wp\/v2\/pages"}],"about":[{"href":"https:\/\/dlahutnikow.pl\/index.php\/wp-json\/wp\/v2\/types\/page"}],"author":[{"embeddable":true,"href":"https:\/\/dlahutnikow.pl\/index.php\/wp-json\/wp\/v2\/users\/1"}],"replies":[{"embeddable":true,"href":"https:\/\/dlahutnikow.pl\/index.php\/wp-json\/wp\/v2\/comments?post=398"}],"version-history":[{"count":9,"href":"https:\/\/dlahutnikow.pl\/index.php\/wp-json\/wp\/v2\/pages\/398\/revisions"}],"predecessor-version":[{"id":735,"href":"https:\/\/dlahutnikow.pl\/index.php\/wp-json\/wp\/v2\/pages\/398\/revisions\/735"}],"up":[{"embeddable":true,"href":"https:\/\/dlahutnikow.pl\/index.php\/wp-json\/wp\/v2\/pages\/19"}],"wp:attachment":[{"href":"https:\/\/dlahutnikow.pl\/index.php\/wp-json\/wp\/v2\/media?parent=398"}],"curies":[{"name":"wp","href":"https:\/\/api.w.org\/{rel}","templated":true}]}}