{"id":43,"date":"2019-02-05T13:05:45","date_gmt":"2019-02-05T12:05:45","guid":{"rendered":"http:\/\/dlahutnikow.pl\/?page_id=43"},"modified":"2022-12-12T14:50:25","modified_gmt":"2022-12-12T13:50:25","slug":"kontakt","status":"publish","type":"page","link":"https:\/\/dlahutnikow.pl\/index.php\/kontakt\/","title":{"rendered":"Kontakt"},"content":{"rendered":"\n<p>Elektra Sp. z o.o.<br>ul. Boles\u0142awa Chrobrego 117<br>87-100 Toru\u0144<br>tel. 601 484 177, 665 745 607, 530 134 630<br>e-mail: <a href=\"mailto:biuro@elektra.torun.pl\">biuro@elektra.torun.pl<\/a><\/p>\n\n\n\n<p class=\"has-medium-font-size\" style=\"text-transform:none\"><br><strong>Formularz kontaktowy:<\/strong><\/p>\n\n\n\n<div class=\"wp-block-columns has-2-columns is-layout-flex wp-container-core-columns-is-layout-9d6595d7 wp-block-columns-is-layout-flex\">\n<div class=\"wp-block-column is-layout-flow wp-block-column-is-layout-flow\">\n<div class=\"wp-block-contact-form-7-contact-form-selector\">\n<div class=\"wpcf7 no-js\" id=\"wpcf7-f105-o1\" lang=\"pl-PL\" dir=\"ltr\" data-wpcf7-id=\"105\">\n<div class=\"screen-reader-response\"><p role=\"status\" aria-live=\"polite\" aria-atomic=\"true\"><\/p> <ul><\/ul><\/div>\n<form action=\"\/index.php\/wp-json\/wp\/v2\/pages\/43#wpcf7-f105-o1\" method=\"post\" class=\"wpcf7-form init\" aria-label=\"Formularz kontaktowy\" novalidate=\"novalidate\" data-status=\"init\">\n<fieldset class=\"hidden-fields-container\"><input type=\"hidden\" name=\"_wpcf7\" value=\"105\" \/><input type=\"hidden\" name=\"_wpcf7_version\" value=\"6.1.4\" \/><input type=\"hidden\" name=\"_wpcf7_locale\" value=\"pl_PL\" \/><input type=\"hidden\" name=\"_wpcf7_unit_tag\" value=\"wpcf7-f105-o1\" \/><input type=\"hidden\" name=\"_wpcf7_container_post\" value=\"0\" \/><input type=\"hidden\" name=\"_wpcf7_posted_data_hash\" value=\"\" \/><input type=\"hidden\" name=\"_wpcf7_recaptcha_response\" value=\"\" \/>\n<\/fieldset>\n<p><label> Imi\u0119 i nazwisko (wymagane)<br \/>\n<span class=\"wpcf7-form-control-wrap\" data-name=\"your-name\"><input size=\"40\" maxlength=\"400\" class=\"wpcf7-form-control wpcf7-text wpcf7-validates-as-required\" aria-required=\"true\" aria-invalid=\"false\" value=\"\" type=\"text\" name=\"your-name\" \/><\/span> <\/label><br \/>\n<label> Adres email (wymagane)<br \/>\n<span class=\"wpcf7-form-control-wrap\" data-name=\"your-email\"><input size=\"40\" maxlength=\"400\" class=\"wpcf7-form-control wpcf7-email wpcf7-validates-as-required wpcf7-text wpcf7-validates-as-email\" aria-required=\"true\" aria-invalid=\"false\" value=\"\" type=\"email\" name=\"your-email\" \/><\/span> <\/label><br \/>\n<label> Temat<br \/>\n<span class=\"wpcf7-form-control-wrap\" data-name=\"your-subject\"><input size=\"40\" maxlength=\"400\" class=\"wpcf7-form-control wpcf7-text\" aria-invalid=\"false\" value=\"\" type=\"text\" name=\"your-subject\" \/><\/span> <\/label><br \/>\n<label> Tre\u015b\u0107 wiadomo\u015bci<br \/>\n<span class=\"wpcf7-form-control-wrap\" data-name=\"your-message\"><textarea cols=\"40\" rows=\"10\" maxlength=\"2000\" class=\"wpcf7-form-control wpcf7-textarea\" aria-invalid=\"false\" name=\"your-message\"><\/textarea><\/span> <\/label><br \/>\n<input class=\"wpcf7-form-control wpcf7-submit has-spinner\" type=\"submit\" value=\"Wy\u015blij\" \/>\n<\/p><div class=\"wpcf7-response-output\" aria-hidden=\"true\"><\/div>\n<\/form>\n<\/div>\n<\/div>\n<\/div>\n\n\n\n<div class=\"wp-block-column is-layout-flow wp-block-column-is-layout-flow\">\n<div style=\"width: 700px;position: relative;\"><iframe loading=\"lazy\" src=\"https:\/\/maps.google.com\/maps?width=700&amp;height=440&amp;hl=en&amp;q=elektra%20toru%C5%84%20+(Tytu%C5%82)&amp;ie=UTF8&amp;t=&amp;z=10&amp;iwloc=B&amp;output=embed\" scrolling=\"no\" marginheight=\"0\" marginwidth=\"0\" width=\"700\" height=\"440\" frameborder=\"0\"><\/iframe><div style=\"position: absolute;width: 80%;bottom: 10px;left: 0;right: 0;margin-left: auto;margin-right: auto;color: #000;text-align: center;\"><small style=\"line-height: 1.8;font-size: 2px;background: #fff;\">Powered by <a href=\"http:\/\/www.googlemapsgenerator.com\/it\/\">googlemapsgenerator.com\/it\/<\/a> &amp; <a href=\"https:\/\/vaticaanstadtickets.nl\/de-expositie-van-leonardo-da-vinci-in-vaticaanstad\/\">www.vaticaanstadtickets.nl\/de-expositie-van-leonardo-da-vinci-in-vaticaanstad\/<\/a><\/small><\/div><style>#gmap_canvas img{max-width:none!important;background:none!important}<\/style><\/div><br>\n<\/div>\n<\/div>\n","protected":false},"excerpt":{"rendered":"<p>Elektra Sp. z o.o.ul. Boles\u0142awa Chrobrego 11787-100 Toru\u0144tel. 601 484 177, 665 745 607, 530 134 630e-mail: biuro@elektra.torun.pl Formularz kontaktowy: Powered by googlemapsgenerator.com\/it\/ &amp; www.vaticaanstadtickets.nl\/de-expositie-van-leonardo-da-vinci-in-vaticaanstad\/<\/p>\n","protected":false},"author":1,"featured_media":0,"parent":0,"menu_order":0,"comment_status":"closed","ping_status":"closed","template":"","meta":{"neve_meta_sidebar":"","neve_meta_container":"","neve_meta_enable_content_width":"","neve_meta_content_width":0,"neve_meta_title_alignment":"","neve_meta_author_avatar":"","neve_post_elements_order":"","neve_meta_disable_header":"","neve_meta_disable_footer":"","neve_meta_disable_title":"","footnotes":""},"class_list":["post-43","page","type-page","status-publish","hentry"],"aioseo_notices":[],"_links":{"self":[{"href":"https:\/\/dlahutnikow.pl\/index.php\/wp-json\/wp\/v2\/pages\/43","targetHints":{"allow":["GET"]}}],"collection":[{"href":"https:\/\/dlahutnikow.pl\/index.php\/wp-json\/wp\/v2\/pages"}],"about":[{"href":"https:\/\/dlahutnikow.pl\/index.php\/wp-json\/wp\/v2\/types\/page"}],"author":[{"embeddable":true,"href":"https:\/\/dlahutnikow.pl\/index.php\/wp-json\/wp\/v2\/users\/1"}],"replies":[{"embeddable":true,"href":"https:\/\/dlahutnikow.pl\/index.php\/wp-json\/wp\/v2\/comments?post=43"}],"version-history":[{"count":6,"href":"https:\/\/dlahutnikow.pl\/index.php\/wp-json\/wp\/v2\/pages\/43\/revisions"}],"predecessor-version":[{"id":712,"href":"https:\/\/dlahutnikow.pl\/index.php\/wp-json\/wp\/v2\/pages\/43\/revisions\/712"}],"wp:attachment":[{"href":"https:\/\/dlahutnikow.pl\/index.php\/wp-json\/wp\/v2\/media?parent=43"}],"curies":[{"name":"wp","href":"https:\/\/api.w.org\/{rel}","templated":true}]}}