{"id":479,"date":"2019-08-12T12:50:16","date_gmt":"2019-08-12T10:50:16","guid":{"rendered":"http:\/\/dlahutnikow.pl\/?page_id=479"},"modified":"2023-01-10T12:47:12","modified_gmt":"2023-01-10T11:47:12","slug":"temperatura-kontaktu-100oc","status":"publish","type":"page","link":"https:\/\/dlahutnikow.pl\/index.php\/temperatura-kontaktu-100oc\/","title":{"rendered":"R\u0119kawice \u017caroodporne sk\u00f3rzane metalizowane"},"content":{"rendered":"\n<div class=\"wp-block-columns has-2-columns is-layout-flex wp-container-core-columns-is-layout-9d6595d7 wp-block-columns-is-layout-flex\">\n<div class=\"wp-block-column is-layout-flow wp-block-column-is-layout-flow\">\n<figure class=\"wp-block-image\"><img loading=\"lazy\" decoding=\"async\" width=\"800\" height=\"600\" src=\"http:\/\/dlahutnikow.pl\/wp-content\/uploads\/2019\/04\/100RC.jpg\" alt=\"\" class=\"wp-image-271\" srcset=\"https:\/\/dlahutnikow.pl\/wp-content\/uploads\/2019\/04\/100RC.jpg 800w, https:\/\/dlahutnikow.pl\/wp-content\/uploads\/2019\/04\/100RC-300x225.jpg 300w, https:\/\/dlahutnikow.pl\/wp-content\/uploads\/2019\/04\/100RC-768x576.jpg 768w, https:\/\/dlahutnikow.pl\/wp-content\/uploads\/2019\/04\/100RC-600x450.jpg 600w, https:\/\/dlahutnikow.pl\/wp-content\/uploads\/2019\/04\/100RC-213x160.jpg 213w, https:\/\/dlahutnikow.pl\/wp-content\/uploads\/2019\/04\/100RC-285x214.jpg 285w\" sizes=\"auto, (max-width: 800px) 100vw, 800px\" \/><\/figure>\n<\/div>\n\n\n\n<div class=\"wp-block-column is-layout-flow wp-block-column-is-layout-flow\">\n<p>R\u0119kawice \u017caroodporne sk\u00f3rzane metalizowane zapewniaj\u0105 ochron\u0119 d\u0142oni przed gor\u0105cymi przedmiotami, promieniowaniem cieplnym i odpryskami stopionych metali.<\/p>\n\n\n\n<p>Znajduj\u0105 zastosowanie w odlewniach, hutach stali, hutach aluminium, hutach szk\u0142a.<\/p>\n\n\n\n<p>Materia\u0142 od strony d\u0142oni: sk\u00f3ra odporna na wysokie temperatury.<\/p>\n\n\n\n<p>Materia\u0142 od strony zewn\u0119trznej: metalizowany rayon.<\/p>\n\n\n\n<p>R\u0119kawice 5-palcowe<\/p>\n\n\n\n<p>D\u0142ugo\u015b\u0107: 35cm<\/p>\n\n\n\n<p>Rozmiary: 10<\/p>\n<\/div>\n<\/div>\n","protected":false},"excerpt":{"rendered":"<p>R\u0119kawice \u017caroodporne sk\u00f3rzane metalizowane zapewniaj\u0105 ochron\u0119 d\u0142oni przed gor\u0105cymi przedmiotami, promieniowaniem cieplnym i odpryskami stopionych metali. Znajduj\u0105 zastosowanie w odlewniach, hutach stali, hutach aluminium, hutach szk\u0142a. Materia\u0142 od strony d\u0142oni: sk\u00f3ra odporna na wysokie temperatury. Materia\u0142 od strony zewn\u0119trznej: metalizowany rayon. R\u0119kawice 5-palcowe D\u0142ugo\u015b\u0107: 35cm Rozmiary: 10<\/p>\n","protected":false},"author":1,"featured_media":0,"parent":0,"menu_order":0,"comment_status":"closed","ping_status":"closed","template":"","meta":{"neve_meta_sidebar":"","neve_meta_container":"","neve_meta_enable_content_width":"","neve_meta_content_width":0,"neve_meta_title_alignment":"","neve_meta_author_avatar":"","neve_post_elements_order":"","neve_meta_disable_header":"","neve_meta_disable_footer":"","neve_meta_disable_title":"","footnotes":""},"class_list":["post-479","page","type-page","status-publish","hentry"],"aioseo_notices":[],"_links":{"self":[{"href":"https:\/\/dlahutnikow.pl\/index.php\/wp-json\/wp\/v2\/pages\/479","targetHints":{"allow":["GET"]}}],"collection":[{"href":"https:\/\/dlahutnikow.pl\/index.php\/wp-json\/wp\/v2\/pages"}],"about":[{"href":"https:\/\/dlahutnikow.pl\/index.php\/wp-json\/wp\/v2\/types\/page"}],"author":[{"embeddable":true,"href":"https:\/\/dlahutnikow.pl\/index.php\/wp-json\/wp\/v2\/users\/1"}],"replies":[{"embeddable":true,"href":"https:\/\/dlahutnikow.pl\/index.php\/wp-json\/wp\/v2\/comments?post=479"}],"version-history":[{"count":2,"href":"https:\/\/dlahutnikow.pl\/index.php\/wp-json\/wp\/v2\/pages\/479\/revisions"}],"predecessor-version":[{"id":742,"href":"https:\/\/dlahutnikow.pl\/index.php\/wp-json\/wp\/v2\/pages\/479\/revisions\/742"}],"wp:attachment":[{"href":"https:\/\/dlahutnikow.pl\/index.php\/wp-json\/wp\/v2\/media?parent=479"}],"curies":[{"name":"wp","href":"https:\/\/api.w.org\/{rel}","templated":true}]}}