{"id":488,"date":"2019-08-12T13:05:53","date_gmt":"2019-08-12T11:05:53","guid":{"rendered":"http:\/\/dlahutnikow.pl\/?page_id=488"},"modified":"2023-01-16T09:36:17","modified_gmt":"2023-01-16T08:36:17","slug":"temperatura-kontaktu-250oc","status":"publish","type":"page","link":"https:\/\/dlahutnikow.pl\/index.php\/temperatura-kontaktu-250oc\/","title":{"rendered":"Temperatura kontaktu 250&#176;C"},"content":{"rendered":"\n<h2 class=\"wp-block-heading\"> R\u0119kawice ochronne \u017caroodporne sk\u00f3rzane <\/h2>\n\n\n\n<div class=\"wp-block-columns has-2-columns is-layout-flex wp-container-core-columns-is-layout-9d6595d7 wp-block-columns-is-layout-flex\">\n<div class=\"wp-block-column is-layout-flow wp-block-column-is-layout-flow\">\n<figure class=\"wp-block-image\"><img loading=\"lazy\" decoding=\"async\" width=\"800\" height=\"600\" src=\"http:\/\/dlahutnikow.pl\/wp-content\/uploads\/2019\/04\/500CC.jpg\" alt=\"\" class=\"wp-image-277\" srcset=\"https:\/\/dlahutnikow.pl\/wp-content\/uploads\/2019\/04\/500CC.jpg 800w, https:\/\/dlahutnikow.pl\/wp-content\/uploads\/2019\/04\/500CC-300x225.jpg 300w, https:\/\/dlahutnikow.pl\/wp-content\/uploads\/2019\/04\/500CC-768x576.jpg 768w, https:\/\/dlahutnikow.pl\/wp-content\/uploads\/2019\/04\/500CC-600x450.jpg 600w, https:\/\/dlahutnikow.pl\/wp-content\/uploads\/2019\/04\/500CC-213x160.jpg 213w, https:\/\/dlahutnikow.pl\/wp-content\/uploads\/2019\/04\/500CC-285x214.jpg 285w\" sizes=\"auto, (max-width: 800px) 100vw, 800px\" \/><\/figure>\n<\/div>\n\n\n\n<div class=\"wp-block-column is-layout-flow wp-block-column-is-layout-flow\">\n<p>R\u0119kawice ochronne \u017caroodporne sk\u00f3rzane zapewniaj\u0105 ochron\u0119 d\u0142oni przed gor\u0105cymi przedmiotami i odpryskami stopionych metali.<\/p>\n\n\n\n<p>Znajduj\u0105 zastosowanie w odlewniach, hutach stali, hutach aluminium, hutach szk\u0142a.<\/p>\n\n\n\n<p>Materia\u0142 zewn\u0119trzny: sk\u00f3ra odporna na wysokie temperatury.<\/p>\n\n\n\n<p>Izolacja: wy\u015bci\u00f3\u0142ka z we\u0142ny i w\u0142\u00f3kniny<\/p>\n\n\n\n<p>R\u0119kawice 5-palcowe<\/p>\n\n\n\n<p>D\u0142ugo\u015b\u0107: 35 cm<\/p>\n\n\n\n<p>Rozmiar: 10<\/p>\n<\/div>\n<\/div>\n\n\n<p>\n<!--StartFragment--><\/p>\n\n\n<p><strong>Normy:<\/strong><\/p>\n\n\n\n<p>EN 388&nbsp;4244C<\/p>\n\n\n\n<p>EN 407&nbsp;42XX4X<br>(poziom temperatury kontaktu 2: ochrona przed gor\u0105cymi przedmiotami o temperaturze 250<sup>o<\/sup>C przez 15 sekund)<\/p>\n\n\n<p><!--EndFragment--><\/p>","protected":false},"excerpt":{"rendered":"<p>R\u0119kawice ochronne \u017caroodporne sk\u00f3rzane R\u0119kawice ochronne \u017caroodporne sk\u00f3rzane zapewniaj\u0105 ochron\u0119 d\u0142oni przed gor\u0105cymi przedmiotami i odpryskami stopionych metali. Znajduj\u0105 zastosowanie w odlewniach, hutach stali, hutach aluminium, hutach szk\u0142a. Materia\u0142 zewn\u0119trzny: sk\u00f3ra odporna na wysokie temperatury. Izolacja: wy\u015bci\u00f3\u0142ka z we\u0142ny i w\u0142\u00f3kniny R\u0119kawice 5-palcowe D\u0142ugo\u015b\u0107: 35 cm Rozmiar: 10 Normy: EN 388&nbsp;4244C EN 407&nbsp;42XX4X(poziom temperatury kontaktu&hellip;&nbsp;<a href=\"https:\/\/dlahutnikow.pl\/index.php\/temperatura-kontaktu-250oc\/\" rel=\"bookmark\">Dowiedz si\u0119 wi\u0119cej &raquo;<span class=\"screen-reader-text\">Temperatura kontaktu 250&#176;C<\/span><\/a><\/p>\n","protected":false},"author":1,"featured_media":0,"parent":0,"menu_order":0,"comment_status":"closed","ping_status":"closed","template":"","meta":{"neve_meta_sidebar":"","neve_meta_container":"","neve_meta_enable_content_width":"","neve_meta_content_width":0,"neve_meta_title_alignment":"","neve_meta_author_avatar":"","neve_post_elements_order":"","neve_meta_disable_header":"","neve_meta_disable_footer":"","neve_meta_disable_title":"","footnotes":""},"class_list":["post-488","page","type-page","status-publish","hentry"],"aioseo_notices":[],"_links":{"self":[{"href":"https:\/\/dlahutnikow.pl\/index.php\/wp-json\/wp\/v2\/pages\/488","targetHints":{"allow":["GET"]}}],"collection":[{"href":"https:\/\/dlahutnikow.pl\/index.php\/wp-json\/wp\/v2\/pages"}],"about":[{"href":"https:\/\/dlahutnikow.pl\/index.php\/wp-json\/wp\/v2\/types\/page"}],"author":[{"embeddable":true,"href":"https:\/\/dlahutnikow.pl\/index.php\/wp-json\/wp\/v2\/users\/1"}],"replies":[{"embeddable":true,"href":"https:\/\/dlahutnikow.pl\/index.php\/wp-json\/wp\/v2\/comments?post=488"}],"version-history":[{"count":6,"href":"https:\/\/dlahutnikow.pl\/index.php\/wp-json\/wp\/v2\/pages\/488\/revisions"}],"predecessor-version":[{"id":751,"href":"https:\/\/dlahutnikow.pl\/index.php\/wp-json\/wp\/v2\/pages\/488\/revisions\/751"}],"wp:attachment":[{"href":"https:\/\/dlahutnikow.pl\/index.php\/wp-json\/wp\/v2\/media?parent=488"}],"curies":[{"name":"wp","href":"https:\/\/api.w.org\/{rel}","templated":true}]}}