{"id":499,"date":"2019-08-12T13:23:44","date_gmt":"2019-08-12T11:23:44","guid":{"rendered":"http:\/\/dlahutnikow.pl\/?page_id=499"},"modified":"2024-07-26T15:59:06","modified_gmt":"2024-07-26T13:59:06","slug":"temperatura-kontaktu-350c","status":"publish","type":"page","link":"https:\/\/dlahutnikow.pl\/index.php\/temperatura-kontaktu-350c\/","title":{"rendered":"Temperatura kontaktu 350&#176;C"},"content":{"rendered":"\n<h2 class=\"wp-block-heading\">R\u0119kawice \u017caroodporne aramid metalizowane<\/h2>\n\n\n\n<div class=\"wp-block-columns has-2-columns is-layout-flex wp-container-core-columns-is-layout-9d6595d7 wp-block-columns-is-layout-flex\">\n<div class=\"wp-block-column is-layout-flow wp-block-column-is-layout-flow\">\n<figure class=\"wp-block-image size-full is-resized\"><img loading=\"lazy\" decoding=\"async\" width=\"777\" height=\"1024\" src=\"https:\/\/dlahutnikow.pl\/wp-content\/uploads\/2024\/07\/100KA50m.jpg\" alt=\"R\u0119kawice ognioochronne kevlar metalizowane Giordani\" class=\"wp-image-806\" style=\"width:433px;height:auto\" srcset=\"https:\/\/dlahutnikow.pl\/wp-content\/uploads\/2024\/07\/100KA50m.jpg 777w, https:\/\/dlahutnikow.pl\/wp-content\/uploads\/2024\/07\/100KA50m-228x300.jpg 228w, https:\/\/dlahutnikow.pl\/wp-content\/uploads\/2024\/07\/100KA50m-768x1012.jpg 768w, https:\/\/dlahutnikow.pl\/wp-content\/uploads\/2024\/07\/100KA50m-455x600.jpg 455w, https:\/\/dlahutnikow.pl\/wp-content\/uploads\/2024\/07\/100KA50m-121x160.jpg 121w\" sizes=\"auto, (max-width: 777px) 100vw, 777px\" \/><\/figure>\n<\/div>\n\n\n\n<div class=\"wp-block-column is-layout-flow wp-block-column-is-layout-flow\">\n<p>R\u0119kawice ochronne \u017caroodporne metalizowane aramidowe zapewniaj\u0105 ochron\u0119 d\u0142oni przed gor\u0105cymi przedmiotami, promieniowaniem cieplnym i odpryskami stopionych metali.<\/p>\n\n\n\n<p>Znajduj\u0105 zastosowanie w odlewniach, hutach stali, hutach aluminium, hutach szk\u0142a.<\/p>\n\n\n\n<p>Materia\u0142 od strony d\u0142oni: aramid.<\/p>\n\n\n\n<p>Materia\u0142 od strony zewn\u0119trznej: metalizowany, mi\u0119kki aramid.<\/p>\n\n\n\n<p>R\u0119kawice 5-palcowe<\/p>\n\n\n\n<p>D\u0142ugo\u015b\u0107 ca\u0142kowita: 35 cm, 50 cm<\/p>\n\n\n\n<p>Rozmiar: 11<\/p>\n<\/div>\n<\/div>\n\n\n\n<p><strong>Normy:<\/strong><\/p>\n\n\n\n<p>EN 388 4544<\/p>\n\n\n\n<p>EN 407 43344X<br>(poziom temperatury kontaktu 3: ochrona przed gor\u0105cymi przedmiotami o temperaturze 350<sup>o<\/sup>C przez 15 sekund)<\/p>\n\n\n<p><!--EndFragment--><\/p>\n\n\n<h2 class=\"wp-block-heading\">R\u0119kawice \u017caroodporne metalizowane sk\u00f3rzane <\/h2>\n\n\n\n<div class=\"wp-block-columns has-2-columns is-layout-flex wp-container-core-columns-is-layout-9d6595d7 wp-block-columns-is-layout-flex\">\n<div class=\"wp-block-column is-layout-flow wp-block-column-is-layout-flow\">\n<figure class=\"wp-block-image\"><img loading=\"lazy\" decoding=\"async\" width=\"800\" height=\"600\" src=\"http:\/\/dlahutnikow.pl\/wp-content\/uploads\/2019\/04\/500KC.jpg\" alt=\"\" class=\"wp-image-275\" srcset=\"https:\/\/dlahutnikow.pl\/wp-content\/uploads\/2019\/04\/500KC.jpg 800w, https:\/\/dlahutnikow.pl\/wp-content\/uploads\/2019\/04\/500KC-300x225.jpg 300w, https:\/\/dlahutnikow.pl\/wp-content\/uploads\/2019\/04\/500KC-768x576.jpg 768w, https:\/\/dlahutnikow.pl\/wp-content\/uploads\/2019\/04\/500KC-600x450.jpg 600w, https:\/\/dlahutnikow.pl\/wp-content\/uploads\/2019\/04\/500KC-213x160.jpg 213w, https:\/\/dlahutnikow.pl\/wp-content\/uploads\/2019\/04\/500KC-285x214.jpg 285w\" sizes=\"auto, (max-width: 800px) 100vw, 800px\" \/><\/figure>\n<\/div>\n\n\n\n<div class=\"wp-block-column is-layout-flow wp-block-column-is-layout-flow\">\n<p>R\u0119kawice  ochronne \u017caroodporne metalizowane aramidowe zapewniaj\u0105 ochron\u0119 d\u0142oni przed gor\u0105cymi przedmiotami, promieniowaniem cieplnym i odpryskami stopionych metali.<\/p>\n\n\n\n<p>Znajduj\u0105 zastosowanie w odlewniach, hutach stali, hutach aluminium, hutach szk\u0142a.<\/p>\n\n\n\n<p>Materia\u0142 od strony d\u0142oni: sk\u00f3ra odporna na wysokie temperatury, wewn\u0105trz wy\u015bci\u00f3\u0142ka z we\u0142ny i w\u0142\u00f3kniny.<\/p>\n\n\n\n<p>Materia\u0142 od strony zewn\u0119trznej: metalizowany aramid, wewn\u0105trz wy\u015bci\u00f3\u0142ka z we\u0142ny, wzmocniony metalizowany aramid.<\/p>\n\n\n\n<p>R\u0119kawice 5-palcowe<\/p>\n\n\n\n<p>D\u0142ugo\u015b\u0107: 35 cm, 45 cm<\/p>\n\n\n\n<p>Rozmiary: 10, 11<\/p>\n<\/div>\n<\/div>\n\n\n\n<p><strong>Normy:<\/strong><\/p>\n\n\n\n<p>EN 388 4244<\/p>\n\n\n\n<p>EN 407 43344X<br>(poziom temperatury kontaktu 3: ochrona przed gor\u0105cymi przedmiotami o temperaturze 350<sup>o<\/sup>C przez 15 sekund)<\/p>\n\n\n<p><!--EndFragment--><\/p>\n\n\n<h2 class=\"wp-block-heading\" id=\"mce_1\">R\u0119kawice \u017caroodporne aramid <\/h2>\n\n\n\n<h3 class=\"wp-block-heading\"><\/h3>\n\n\n\n<p>R\u0119kawice ochronne \u017caroodporne aramidowe zapewniaj\u0105 ochron\u0119 d\u0142oni przed gor\u0105cymi przedmiotami i odpryskami stopionych metali.<\/p>\n\n\n\n<p>Znajduj\u0105 zastosowanie w odlewniach, hutach stali, hutach aluminium, hutach szk\u0142a.<\/p>\n\n\n\n<div class=\"wp-block-columns has-2-columns is-layout-flex wp-container-core-columns-is-layout-9d6595d7 wp-block-columns-is-layout-flex\">\n<div class=\"wp-block-column is-layout-flow wp-block-column-is-layout-flow\">\n<figure class=\"wp-block-image\"><img loading=\"lazy\" decoding=\"async\" width=\"800\" height=\"600\" src=\"http:\/\/dlahutnikow.pl\/wp-content\/uploads\/2019\/04\/09-1.jpg\" alt=\"\" class=\"wp-image-263\" srcset=\"https:\/\/dlahutnikow.pl\/wp-content\/uploads\/2019\/04\/09-1.jpg 800w, https:\/\/dlahutnikow.pl\/wp-content\/uploads\/2019\/04\/09-1-300x225.jpg 300w, https:\/\/dlahutnikow.pl\/wp-content\/uploads\/2019\/04\/09-1-768x576.jpg 768w, https:\/\/dlahutnikow.pl\/wp-content\/uploads\/2019\/04\/09-1-600x450.jpg 600w, https:\/\/dlahutnikow.pl\/wp-content\/uploads\/2019\/04\/09-1-213x160.jpg 213w, https:\/\/dlahutnikow.pl\/wp-content\/uploads\/2019\/04\/09-1-285x214.jpg 285w\" sizes=\"auto, (max-width: 800px) 100vw, 800px\" \/><\/figure>\n<\/div>\n\n\n\n<div class=\"wp-block-column is-layout-flow wp-block-column-is-layout-flow\">\n<p>Materia\u0142: aramid, wewn\u0105trz wy\u015bci\u00f3\u0142ka z modakrylu i w\u0142\u00f3kniny.<\/p>\n\n\n\n<p>R\u0119kawice 5-palcowe<\/p>\n\n\n\n<p>D\u0142ugo\u015b\u0107: 27 cm, 38 cm, 50 cm, 70 cm<\/p>\n\n\n\n<p>Rozmiar uniwersalny<\/p>\n<\/div>\n<\/div>\n\n\n\n<div class=\"wp-block-columns has-2-columns is-layout-flex wp-container-core-columns-is-layout-9d6595d7 wp-block-columns-is-layout-flex\">\n<div class=\"wp-block-column is-layout-flow wp-block-column-is-layout-flow\">\n<figure class=\"wp-block-image\"><img loading=\"lazy\" decoding=\"async\" width=\"800\" height=\"600\" src=\"http:\/\/dlahutnikow.pl\/wp-content\/uploads\/2019\/04\/10.jpg\" alt=\"\" class=\"wp-image-267\" srcset=\"https:\/\/dlahutnikow.pl\/wp-content\/uploads\/2019\/04\/10.jpg 800w, https:\/\/dlahutnikow.pl\/wp-content\/uploads\/2019\/04\/10-300x225.jpg 300w, https:\/\/dlahutnikow.pl\/wp-content\/uploads\/2019\/04\/10-768x576.jpg 768w, https:\/\/dlahutnikow.pl\/wp-content\/uploads\/2019\/04\/10-600x450.jpg 600w, https:\/\/dlahutnikow.pl\/wp-content\/uploads\/2019\/04\/10-213x160.jpg 213w, https:\/\/dlahutnikow.pl\/wp-content\/uploads\/2019\/04\/10-285x214.jpg 285w\" sizes=\"auto, (max-width: 800px) 100vw, 800px\" \/><\/figure>\n<\/div>\n\n\n\n<div class=\"wp-block-column is-layout-flow wp-block-column-is-layout-flow\">\n<p>Materia\u0142: aramid, wewn\u0105trz wy\u015bci\u00f3\u0142ka z modakrylu i w\u0142\u00f3kniny.<\/p>\n\n\n\n<p>R\u0119kawice 1-palcowe<\/p>\n\n\n\n<p>D\u0142ugo\u015b\u0107: 28 cm, 50 cm<\/p>\n\n\n\n<p>Rozmiary: 9, 10<\/p>\n<\/div>\n<\/div>\n\n\n\n<p><strong>Normy:<\/strong><\/p>\n\n\n\n<p>EN 388 2443<\/p>\n\n\n\n<p>EN 407 43XX4X<br>(poziom temperatury kontaktu 3: ochrona przed gor\u0105cymi przedmiotami o temperaturze 350<sup>o<\/sup>C przez 15 sekund)<\/p>\n\n\n\n<h2 class=\"wp-block-heading\">R\u0119kawice \u017caroodporne preox-aramid <\/h2>\n\n\n\n<p>R\u0119kawice ochronne \u017caroodporne z tkaniny preox-aramid zapewniaj\u0105 ochron\u0119 d\u0142oni przed gor\u0105cymi przedmiotami i odpryskami stopionych metali.<\/p>\n\n\n\n<p>Znajduj\u0105 zastosowanie w odlewniach, hutach stali, hutach aluminium, hutach szk\u0142a.<\/p>\n\n\n\n<div class=\"wp-block-columns has-2-columns is-layout-flex wp-container-core-columns-is-layout-9d6595d7 wp-block-columns-is-layout-flex\">\n<div class=\"wp-block-column is-layout-flow wp-block-column-is-layout-flow\">\n<figure class=\"wp-block-image\"><img loading=\"lazy\" decoding=\"async\" width=\"800\" height=\"600\" src=\"http:\/\/dlahutnikow.pl\/wp-content\/uploads\/2019\/04\/07.jpg\" alt=\"\" class=\"wp-image-260\" srcset=\"https:\/\/dlahutnikow.pl\/wp-content\/uploads\/2019\/04\/07.jpg 800w, https:\/\/dlahutnikow.pl\/wp-content\/uploads\/2019\/04\/07-300x225.jpg 300w, https:\/\/dlahutnikow.pl\/wp-content\/uploads\/2019\/04\/07-768x576.jpg 768w, https:\/\/dlahutnikow.pl\/wp-content\/uploads\/2019\/04\/07-600x450.jpg 600w, https:\/\/dlahutnikow.pl\/wp-content\/uploads\/2019\/04\/07-213x160.jpg 213w, https:\/\/dlahutnikow.pl\/wp-content\/uploads\/2019\/04\/07-285x214.jpg 285w\" sizes=\"auto, (max-width: 800px) 100vw, 800px\" \/><\/figure>\n<\/div>\n\n\n\n<div class=\"wp-block-column is-layout-flow wp-block-column-is-layout-flow\">\n<p>Materia\u0142: preox-aramid<\/p>\n\n\n\n<div class=\"wp-block-columns has-2-columns is-layout-flex wp-container-core-columns-is-layout-9d6595d7 wp-block-columns-is-layout-flex\">\n<div class=\"wp-block-column is-layout-flow wp-block-column-is-layout-flow\"><\/div>\n\n\n\n<div class=\"wp-block-column is-layout-flow wp-block-column-is-layout-flow\"><\/div>\n<\/div>\n\n\n\n<p>R\u0119kawice 5-palcowe<\/p>\n\n\n\n<p>D\u0142ugo\u015b\u0107: 28 cm, 38 cm<\/p>\n\n\n\n<p>Rozmiar: 9<\/p>\n\n\n\n<div class=\"wp-block-columns has-2-columns is-layout-flex wp-container-core-columns-is-layout-9d6595d7 wp-block-columns-is-layout-flex\">\n<div class=\"wp-block-column is-layout-flow wp-block-column-is-layout-flow\">\n<p><\/p>\n<\/div>\n\n\n\n<div class=\"wp-block-column is-layout-flow wp-block-column-is-layout-flow\"><\/div>\n<\/div>\n<\/div>\n<\/div>\n\n\n\n<div class=\"wp-block-columns has-2-columns is-layout-flex wp-container-core-columns-is-layout-9d6595d7 wp-block-columns-is-layout-flex\">\n<div class=\"wp-block-column is-layout-flow wp-block-column-is-layout-flow\">\n<figure class=\"wp-block-image\"><img loading=\"lazy\" decoding=\"async\" width=\"800\" height=\"600\" src=\"http:\/\/dlahutnikow.pl\/wp-content\/uploads\/2019\/04\/06.jpg\" alt=\"\" class=\"wp-image-256\" srcset=\"https:\/\/dlahutnikow.pl\/wp-content\/uploads\/2019\/04\/06.jpg 800w, https:\/\/dlahutnikow.pl\/wp-content\/uploads\/2019\/04\/06-300x225.jpg 300w, https:\/\/dlahutnikow.pl\/wp-content\/uploads\/2019\/04\/06-768x576.jpg 768w, https:\/\/dlahutnikow.pl\/wp-content\/uploads\/2019\/04\/06-600x450.jpg 600w, https:\/\/dlahutnikow.pl\/wp-content\/uploads\/2019\/04\/06-213x160.jpg 213w, https:\/\/dlahutnikow.pl\/wp-content\/uploads\/2019\/04\/06-285x214.jpg 285w\" sizes=\"auto, (max-width: 800px) 100vw, 800px\" \/><\/figure>\n<\/div>\n\n\n\n<div class=\"wp-block-column is-layout-flow wp-block-column-is-layout-flow\">\n<p>Materia\u0142: preox-aramid<\/p>\n\n\n\n<p>R\u0119kawice 1-palcowe<\/p>\n\n\n\n<p>D\u0142ugo\u015b\u0107: 27 cm, 38 cm<\/p>\n\n\n\n<p>Rozmiar: 9<\/p>\n<\/div>\n<\/div>\n\n\n\n<p><strong>Normy:<\/strong><\/p>\n\n\n\n<p>EN 388 2344<\/p>\n\n\n\n<p>EN 407 43XX4X<br>(poziom temperatury kontaktu 3: ochrona przed gor\u0105cymi przedmiotami o temperaturze 350<sup>o<\/sup>C przez 15 sekund)<\/p>\n\n\n\n<h2 class=\"wp-block-heading\">R\u0119kawice \u017caroodporne aramid frota <\/h2>\n\n\n\n<div class=\"wp-block-columns has-2-columns is-layout-flex wp-container-core-columns-is-layout-9d6595d7 wp-block-columns-is-layout-flex\">\n<div class=\"wp-block-column is-layout-flow wp-block-column-is-layout-flow\">\n<figure class=\"wp-block-image\"><img loading=\"lazy\" decoding=\"async\" width=\"800\" height=\"600\" src=\"http:\/\/dlahutnikow.pl\/wp-content\/uploads\/2019\/04\/09B.jpg\" alt=\"\" class=\"wp-image-265\" srcset=\"https:\/\/dlahutnikow.pl\/wp-content\/uploads\/2019\/04\/09B.jpg 800w, https:\/\/dlahutnikow.pl\/wp-content\/uploads\/2019\/04\/09B-300x225.jpg 300w, https:\/\/dlahutnikow.pl\/wp-content\/uploads\/2019\/04\/09B-768x576.jpg 768w, https:\/\/dlahutnikow.pl\/wp-content\/uploads\/2019\/04\/09B-600x450.jpg 600w, https:\/\/dlahutnikow.pl\/wp-content\/uploads\/2019\/04\/09B-213x160.jpg 213w, https:\/\/dlahutnikow.pl\/wp-content\/uploads\/2019\/04\/09B-285x214.jpg 285w\" sizes=\"auto, (max-width: 800px) 100vw, 800px\" \/><\/figure>\n<\/div>\n\n\n\n<div class=\"wp-block-column is-layout-flow wp-block-column-is-layout-flow\">\n<p>R\u0119kawice ochronne \u017caroodporne aramid frota zapewniaj\u0105 ochron\u0119 d\u0142oni przed gor\u0105cymi przedmiotami i odpryskami stopionych metali.<\/p>\n\n\n\n<p>Znajduj\u0105 zastosowanie w odlewniach, hutach stali, hutach aluminium, hutach szk\u0142a.<\/p>\n\n\n\n<p>Materia\u0142: aramid frota, wewn\u0105trz wy\u015bci\u00f3\u0142ka trudnopalna<\/p>\n\n\n\n<p>R\u0119kawice 5-palcowe<\/p>\n\n\n\n<p>D\u0142ugo\u015b\u0107: 28 cm, 38 cm<\/p>\n\n\n\n<p>Rozmiar uniwersalny<\/p>\n<\/div>\n<\/div>\n\n\n\n<p><strong>Normy:<\/strong><\/p>\n\n\n\n<p>EN 388 2342<\/p>\n\n\n\n<p>EN 407 43XX1X<br>(poziom temperatury kontaktu 3: ochrona przed gor\u0105cymi przedmiotami o temperaturze 350<sup>o<\/sup>C przez 15 sekund)<\/p>\n","protected":false},"excerpt":{"rendered":"<p>R\u0119kawice \u017caroodporne aramid metalizowane R\u0119kawice ochronne \u017caroodporne metalizowane aramidowe zapewniaj\u0105 ochron\u0119 d\u0142oni przed gor\u0105cymi przedmiotami, promieniowaniem cieplnym i odpryskami stopionych metali. Znajduj\u0105 zastosowanie w odlewniach, hutach stali, hutach aluminium, hutach szk\u0142a. Materia\u0142 od strony d\u0142oni: aramid. Materia\u0142 od strony zewn\u0119trznej: metalizowany, mi\u0119kki aramid. R\u0119kawice 5-palcowe D\u0142ugo\u015b\u0107 ca\u0142kowita: 35 cm, 50 cm Rozmiar: 11 Normy: EN&hellip;&nbsp;<a href=\"https:\/\/dlahutnikow.pl\/index.php\/temperatura-kontaktu-350c\/\" rel=\"bookmark\">Dowiedz si\u0119 wi\u0119cej &raquo;<span class=\"screen-reader-text\">Temperatura kontaktu 350&#176;C<\/span><\/a><\/p>\n","protected":false},"author":1,"featured_media":0,"parent":0,"menu_order":0,"comment_status":"closed","ping_status":"closed","template":"","meta":{"neve_meta_sidebar":"","neve_meta_container":"","neve_meta_enable_content_width":"","neve_meta_content_width":0,"neve_meta_title_alignment":"","neve_meta_author_avatar":"","neve_post_elements_order":"","neve_meta_disable_header":"","neve_meta_disable_footer":"","neve_meta_disable_title":"","footnotes":""},"class_list":["post-499","page","type-page","status-publish","hentry"],"aioseo_notices":[],"_links":{"self":[{"href":"https:\/\/dlahutnikow.pl\/index.php\/wp-json\/wp\/v2\/pages\/499","targetHints":{"allow":["GET"]}}],"collection":[{"href":"https:\/\/dlahutnikow.pl\/index.php\/wp-json\/wp\/v2\/pages"}],"about":[{"href":"https:\/\/dlahutnikow.pl\/index.php\/wp-json\/wp\/v2\/types\/page"}],"author":[{"embeddable":true,"href":"https:\/\/dlahutnikow.pl\/index.php\/wp-json\/wp\/v2\/users\/1"}],"replies":[{"embeddable":true,"href":"https:\/\/dlahutnikow.pl\/index.php\/wp-json\/wp\/v2\/comments?post=499"}],"version-history":[{"count":7,"href":"https:\/\/dlahutnikow.pl\/index.php\/wp-json\/wp\/v2\/pages\/499\/revisions"}],"predecessor-version":[{"id":809,"href":"https:\/\/dlahutnikow.pl\/index.php\/wp-json\/wp\/v2\/pages\/499\/revisions\/809"}],"wp:attachment":[{"href":"https:\/\/dlahutnikow.pl\/index.php\/wp-json\/wp\/v2\/media?parent=499"}],"curies":[{"name":"wp","href":"https:\/\/api.w.org\/{rel}","templated":true}]}}