{"id":509,"date":"2019-08-12T13:37:10","date_gmt":"2019-08-12T11:37:10","guid":{"rendered":"http:\/\/dlahutnikow.pl\/?page_id=509"},"modified":"2023-01-16T09:41:18","modified_gmt":"2023-01-16T08:41:18","slug":"temperatura-kontaktu-500c","status":"publish","type":"page","link":"https:\/\/dlahutnikow.pl\/index.php\/temperatura-kontaktu-500c\/","title":{"rendered":"Temperatura kontaktu 500&#176;C"},"content":{"rendered":"\n<h2 class=\"wp-block-heading\">R\u0119kawice \u017caroodporne PBI metalizowane<\/h2>\n\n\n\n<div class=\"wp-block-columns has-2-columns is-layout-flex wp-container-core-columns-is-layout-9d6595d7 wp-block-columns-is-layout-flex\">\n<div class=\"wp-block-column is-layout-flow wp-block-column-is-layout-flow\">\n<figure class=\"wp-block-image\"><img loading=\"lazy\" decoding=\"async\" width=\"800\" height=\"600\" src=\"http:\/\/dlahutnikow.pl\/wp-content\/uploads\/2019\/04\/MG05131230.jpg\" alt=\"\" class=\"wp-image-279\" srcset=\"https:\/\/dlahutnikow.pl\/wp-content\/uploads\/2019\/04\/MG05131230.jpg 800w, https:\/\/dlahutnikow.pl\/wp-content\/uploads\/2019\/04\/MG05131230-300x225.jpg 300w, https:\/\/dlahutnikow.pl\/wp-content\/uploads\/2019\/04\/MG05131230-768x576.jpg 768w, https:\/\/dlahutnikow.pl\/wp-content\/uploads\/2019\/04\/MG05131230-600x450.jpg 600w, https:\/\/dlahutnikow.pl\/wp-content\/uploads\/2019\/04\/MG05131230-213x160.jpg 213w, https:\/\/dlahutnikow.pl\/wp-content\/uploads\/2019\/04\/MG05131230-285x214.jpg 285w\" sizes=\"auto, (max-width: 800px) 100vw, 800px\" \/><\/figure>\n<\/div>\n\n\n\n<div class=\"wp-block-column is-layout-flow wp-block-column-is-layout-flow\">\n<p>R\u0119kawice ochronne \u017caroodporne metalizowane PBI  zapewniaj\u0105 ochron\u0119 d\u0142oni przed gor\u0105cymi przedmiotami, promieniowaniem cieplnym i odpryskami stopionych metali.<\/p>\n\n\n\n<p>Znajduj\u0105 zastosowanie w odlewniach, hutach stali, hutach aluminium, hutach szk\u0142a.<\/p>\n\n\n\n<p>Materia\u0142 od strony d\u0142oni: PBI.<\/p>\n\n\n\n<p>Materia\u0142 od strony zewn\u0119trznej: metalizowany, mi\u0119kki aramid, wewn\u0105trz wy\u015bci\u00f3\u0142ka trudnopalna.<\/p>\n\n\n\n<p>R\u0119kawice 1-palcowe<\/p>\n\n\n\n<p>D\u0142ugo\u015b\u0107 ca\u0142kowita: 44cm<\/p>\n\n\n\n<p>Rozmiar uniwersalny<\/p>\n<\/div>\n<\/div>\n\n\n\n<p><strong>Normy:<\/strong><\/p>\n\n\n\n<p>EN 407&nbsp;444XX4<br>(poziom temperatury kontaktu 4: ochrona przed gor\u0105cymi przedmiotami o temperaturze 500<sup>o<\/sup>C przez 15 sekund)<\/p>\n\n\n\n<h2 class=\"wp-block-heading\"> R\u0119kawice \u017caroodporne PBI \/ aramid <\/h2>\n\n\n\n<div class=\"wp-block-columns has-2-columns is-layout-flex wp-container-core-columns-is-layout-9d6595d7 wp-block-columns-is-layout-flex\">\n<div class=\"wp-block-column is-layout-flow wp-block-column-is-layout-flow\">\n<figure class=\"wp-block-image\"><img loading=\"lazy\" decoding=\"async\" width=\"800\" height=\"600\" src=\"http:\/\/dlahutnikow.pl\/wp-content\/uploads\/2019\/04\/MG0537123.jpg\" alt=\"\" class=\"wp-image-281\" srcset=\"https:\/\/dlahutnikow.pl\/wp-content\/uploads\/2019\/04\/MG0537123.jpg 800w, https:\/\/dlahutnikow.pl\/wp-content\/uploads\/2019\/04\/MG0537123-300x225.jpg 300w, https:\/\/dlahutnikow.pl\/wp-content\/uploads\/2019\/04\/MG0537123-768x576.jpg 768w, https:\/\/dlahutnikow.pl\/wp-content\/uploads\/2019\/04\/MG0537123-600x450.jpg 600w, https:\/\/dlahutnikow.pl\/wp-content\/uploads\/2019\/04\/MG0537123-213x160.jpg 213w, https:\/\/dlahutnikow.pl\/wp-content\/uploads\/2019\/04\/MG0537123-285x214.jpg 285w\" sizes=\"auto, (max-width: 800px) 100vw, 800px\" \/><\/figure>\n<\/div>\n\n\n\n<div class=\"wp-block-column is-layout-flow wp-block-column-is-layout-flow\">\n<p>R\u0119kawice ochronne \u017caroodporne PBI \/ aramid zapewniaj\u0105 ochron\u0119 d\u0142oni przed gor\u0105cymi przedmiotami, promieniowaniem cieplnym i odpryskami stopionych metali.<\/p>\n\n\n\n<p>Znajduj\u0105 zastosowanie w odlewniach, hutach stali, hutach aluminium, hutach szk\u0142a.<\/p>\n\n\n\n<p>Materia\u0142: PBI oraz w\u0142\u00f3kno aramidowe o gramaturze 620 g\/m<sup>2<\/sup>, wewn\u0105trz wy\u015bci\u00f3\u0142ka z we\u0142ny trudnopalnej.<\/p>\n\n\n\n<p>R\u0119kawice 1-palcowe<\/p>\n\n\n\n<p>D\u0142ugo\u015b\u0107 ca\u0142kowita: 44cm<\/p>\n\n\n\n<p>Rozmiar uniwersalny<\/p>\n<\/div>\n<\/div>\n\n\n\n<p><strong>Normy:<\/strong><\/p>\n\n\n\n<p>EN 407&nbsp;444XX4<br>(poziom temperatury kontaktu 4: ochrona przed gor\u0105cymi przedmiotami o temperaturze 500<sup>o<\/sup>C przez 15 sekund)<\/p>\n\n\n\n<h2 class=\"wp-block-heading\">R\u0119kawice \u017caroodporne aramid frota  <\/h2>\n\n\n\n<div class=\"wp-block-columns has-2-columns is-layout-flex wp-container-core-columns-is-layout-9d6595d7 wp-block-columns-is-layout-flex\">\n<div class=\"wp-block-column is-layout-flow wp-block-column-is-layout-flow\">\n<figure class=\"wp-block-image\"><img loading=\"lazy\" decoding=\"async\" width=\"800\" height=\"600\" src=\"http:\/\/dlahutnikow.pl\/wp-content\/uploads\/2019\/04\/10HT.jpg\" alt=\"\" class=\"wp-image-273\" srcset=\"https:\/\/dlahutnikow.pl\/wp-content\/uploads\/2019\/04\/10HT.jpg 800w, https:\/\/dlahutnikow.pl\/wp-content\/uploads\/2019\/04\/10HT-300x225.jpg 300w, https:\/\/dlahutnikow.pl\/wp-content\/uploads\/2019\/04\/10HT-768x576.jpg 768w, https:\/\/dlahutnikow.pl\/wp-content\/uploads\/2019\/04\/10HT-600x450.jpg 600w, https:\/\/dlahutnikow.pl\/wp-content\/uploads\/2019\/04\/10HT-213x160.jpg 213w, https:\/\/dlahutnikow.pl\/wp-content\/uploads\/2019\/04\/10HT-285x214.jpg 285w\" sizes=\"auto, (max-width: 800px) 100vw, 800px\" \/><\/figure>\n<\/div>\n\n\n\n<div class=\"wp-block-column is-layout-flow wp-block-column-is-layout-flow\">\n<p>R\u0119kawice ochronne \u017caroodporne aramid frota zapewniaj\u0105 ochron\u0119 d\u0142oni przed gor\u0105cymi przedmiotami, promieniowaniem cieplnym i odpryskami stopionych metali.<\/p>\n\n\n\n<p>Znajduj\u0105 zastosowanie w odlewniach, hutach stali, hutach aluminium, hutach szk\u0142a.<\/p>\n\n\n\n<p>Materia\u0142: aramid frota o gramaturze 370 g\/m<sup>2<\/sup>, wewn\u0105trz wy\u015bci\u00f3\u0142ka trudnopalna.<\/p>\n\n\n\n<p>R\u0119kawice 1-palcowe<\/p>\n\n\n\n<p>D\u0142ugo\u015b\u0107 ca\u0142kowita: 44cm<\/p>\n\n\n\n<p>Rozmiary: 9, 10<\/p>\n<\/div>\n<\/div>\n\n\n\n<p><strong>Normy:<\/strong><\/p>\n\n\n\n<p>EN 407&nbsp;444X4X<br>(poziom temperatury kontaktu 4: ochrona przed gor\u0105cymi przedmiotami o temperaturze 500<sup>o<\/sup>C przez 15 sekund)<\/p>\n","protected":false},"excerpt":{"rendered":"<p>R\u0119kawice \u017caroodporne PBI metalizowane R\u0119kawice ochronne \u017caroodporne metalizowane PBI zapewniaj\u0105 ochron\u0119 d\u0142oni przed gor\u0105cymi przedmiotami, promieniowaniem cieplnym i odpryskami stopionych metali. Znajduj\u0105 zastosowanie w odlewniach, hutach stali, hutach aluminium, hutach szk\u0142a. Materia\u0142 od strony d\u0142oni: PBI. Materia\u0142 od strony zewn\u0119trznej: metalizowany, mi\u0119kki aramid, wewn\u0105trz wy\u015bci\u00f3\u0142ka trudnopalna. R\u0119kawice 1-palcowe D\u0142ugo\u015b\u0107 ca\u0142kowita: 44cm Rozmiar uniwersalny Normy: EN&hellip;&nbsp;<a href=\"https:\/\/dlahutnikow.pl\/index.php\/temperatura-kontaktu-500c\/\" rel=\"bookmark\">Dowiedz si\u0119 wi\u0119cej &raquo;<span class=\"screen-reader-text\">Temperatura kontaktu 500&#176;C<\/span><\/a><\/p>\n","protected":false},"author":1,"featured_media":0,"parent":0,"menu_order":0,"comment_status":"closed","ping_status":"closed","template":"","meta":{"neve_meta_sidebar":"","neve_meta_container":"","neve_meta_enable_content_width":"","neve_meta_content_width":0,"neve_meta_title_alignment":"","neve_meta_author_avatar":"","neve_post_elements_order":"","neve_meta_disable_header":"","neve_meta_disable_footer":"","neve_meta_disable_title":"","footnotes":""},"class_list":["post-509","page","type-page","status-publish","hentry"],"aioseo_notices":[],"_links":{"self":[{"href":"https:\/\/dlahutnikow.pl\/index.php\/wp-json\/wp\/v2\/pages\/509","targetHints":{"allow":["GET"]}}],"collection":[{"href":"https:\/\/dlahutnikow.pl\/index.php\/wp-json\/wp\/v2\/pages"}],"about":[{"href":"https:\/\/dlahutnikow.pl\/index.php\/wp-json\/wp\/v2\/types\/page"}],"author":[{"embeddable":true,"href":"https:\/\/dlahutnikow.pl\/index.php\/wp-json\/wp\/v2\/users\/1"}],"replies":[{"embeddable":true,"href":"https:\/\/dlahutnikow.pl\/index.php\/wp-json\/wp\/v2\/comments?post=509"}],"version-history":[{"count":4,"href":"https:\/\/dlahutnikow.pl\/index.php\/wp-json\/wp\/v2\/pages\/509\/revisions"}],"predecessor-version":[{"id":754,"href":"https:\/\/dlahutnikow.pl\/index.php\/wp-json\/wp\/v2\/pages\/509\/revisions\/754"}],"wp:attachment":[{"href":"https:\/\/dlahutnikow.pl\/index.php\/wp-json\/wp\/v2\/media?parent=509"}],"curies":[{"name":"wp","href":"https:\/\/api.w.org\/{rel}","templated":true}]}}