{"id":562,"date":"2019-08-13T10:58:36","date_gmt":"2019-08-13T08:58:36","guid":{"rendered":"http:\/\/dlahutnikow.pl\/?page_id=562"},"modified":"2023-01-10T13:02:38","modified_gmt":"2023-01-10T12:02:38","slug":"ubrania-trudnopalnee","status":"publish","type":"page","link":"https:\/\/dlahutnikow.pl\/index.php\/ubrania-trudnopalnee\/","title":{"rendered":"Ubrania trudnopalne"},"content":{"rendered":"\n<p class=\"has-text-align-center\"><strong>Ubranie trudnopalne mo\u017cna stosowa\u0107 w miejscach wyst\u0119powania zagro\u017ce\u0144  czynnikami gor\u0105cymi, w kt\u00f3rych nie ma potrzeby stosowania ubra\u0144  metalizowanych. Ubrania trudnopalne mo\u017cna te\u017c u\u017cywa\u0107 z ubraniami  metalizowanymi.<\/strong><\/p>\n\n\n\n<figure class=\"wp-block-table is-style-stripes\"><table><tbody><tr><td> <strong>Kurtka<\/strong><\/td><td><strong> Spodnie do pasa <\/strong><\/td><\/tr><tr><td>Normy:<br>EN ISO 11612 A1 B1 C1 D3 E3 F1<br>EN ISO 11611 Class 1 A1<br> Prosty kr\u00f3j, zapi\u0119cie z przodu na zatrzaski i rzepy, ko\u0142nierzyk typu st\u00f3jka, <br>mankiety ze \u015bci\u0105gaczami z dzianiny trudnopalnej. Wyposa\u017cona w 3 kieszenie z zakryte klapami.<br>Kolor standardowy: granatowy<br>Gramatura: 300 g\/m<sup>2<\/sup><br>Szycie: nici aramidowe<br>Rozmiary: od 44 do 64<br>Opcje dodatkowe: <br>\u2022    Wy\u017csza gramatura materia\u0142u 350g\/m<sup>2<\/sup><br>\u2022    \u017b\u00f3\u0142ty pasek odblaskowy wok\u00f3\u0142 \u0142ydek<\/td><td>Normy:<br> EN ISO 11612 A1 B1 C1 D3 E3 F1<br> EN ISO 11611 Class 1 A1<br> Zapi\u0119cie na zatrzaski i zakryty guzik w pasie. Szlufki do paska w pasie.<br> 2 kieszenie boczne w pasie, 1 z klapk\u0105 z ty\u0142u, 1 w\u0105ska kiesze\u0144 na nogawce<br> Kolor standardowy: granatowy<br> Gramatura: 300 g\/m<sup>2<\/sup> <br> Szycie: nici aramidowe<br> Rozmiary: od 44 do 64<br>Opcje dodatkowe: <br> \u2022    Wy\u017csza gramatura materia\u0142u 350 g\/m<sup>2<\/sup><br> \u2022    \u017b\u00f3\u0142ty pasek odblaskowy wok\u00f3\u0142 \u0142ydek <\/td><\/tr><\/tbody><\/table><\/figure>\n\n\n<div class=\"wp-block-image\">\n<figure class=\"aligncenter is-resized\"><img loading=\"lazy\" decoding=\"async\" src=\"http:\/\/dlahutnikow.pl\/wp-content\/uploads\/2019\/07\/1030100-1-711x1024.jpg\" alt=\"\" class=\"wp-image-354\" width=\"387\" height=\"557\" srcset=\"https:\/\/dlahutnikow.pl\/wp-content\/uploads\/2019\/07\/1030100-1-711x1024.jpg 711w, https:\/\/dlahutnikow.pl\/wp-content\/uploads\/2019\/07\/1030100-1-208x300.jpg 208w, https:\/\/dlahutnikow.pl\/wp-content\/uploads\/2019\/07\/1030100-1-768x1106.jpg 768w, https:\/\/dlahutnikow.pl\/wp-content\/uploads\/2019\/07\/1030100-1-417x600.jpg 417w, https:\/\/dlahutnikow.pl\/wp-content\/uploads\/2019\/07\/1030100-1-111x160.jpg 111w, https:\/\/dlahutnikow.pl\/wp-content\/uploads\/2019\/07\/1030100-1.jpg 800w\" sizes=\"auto, (max-width: 387px) 100vw, 387px\" \/><\/figure>\n<\/div>\n\n<p><!--EndFragment--><\/p>","protected":false},"excerpt":{"rendered":"<p>Ubranie trudnopalne mo\u017cna stosowa\u0107 w miejscach wyst\u0119powania zagro\u017ce\u0144 czynnikami gor\u0105cymi, w kt\u00f3rych nie ma potrzeby stosowania ubra\u0144 metalizowanych. Ubrania trudnopalne mo\u017cna te\u017c u\u017cywa\u0107 z ubraniami metalizowanymi. Kurtka Spodnie do pasa Normy:EN ISO 11612 A1 B1 C1 D3 E3 F1EN ISO 11611 Class 1 A1 Prosty kr\u00f3j, zapi\u0119cie z przodu na zatrzaski i rzepy, ko\u0142nierzyk typu&hellip;&nbsp;<a href=\"https:\/\/dlahutnikow.pl\/index.php\/ubrania-trudnopalnee\/\" rel=\"bookmark\">Dowiedz si\u0119 wi\u0119cej &raquo;<span class=\"screen-reader-text\">Ubrania trudnopalne<\/span><\/a><\/p>\n","protected":false},"author":1,"featured_media":0,"parent":0,"menu_order":0,"comment_status":"closed","ping_status":"closed","template":"","meta":{"neve_meta_sidebar":"","neve_meta_container":"","neve_meta_enable_content_width":"","neve_meta_content_width":0,"neve_meta_title_alignment":"","neve_meta_author_avatar":"","neve_post_elements_order":"","neve_meta_disable_header":"","neve_meta_disable_footer":"","neve_meta_disable_title":"","footnotes":""},"class_list":["post-562","page","type-page","status-publish","hentry"],"aioseo_notices":[],"_links":{"self":[{"href":"https:\/\/dlahutnikow.pl\/index.php\/wp-json\/wp\/v2\/pages\/562","targetHints":{"allow":["GET"]}}],"collection":[{"href":"https:\/\/dlahutnikow.pl\/index.php\/wp-json\/wp\/v2\/pages"}],"about":[{"href":"https:\/\/dlahutnikow.pl\/index.php\/wp-json\/wp\/v2\/types\/page"}],"author":[{"embeddable":true,"href":"https:\/\/dlahutnikow.pl\/index.php\/wp-json\/wp\/v2\/users\/1"}],"replies":[{"embeddable":true,"href":"https:\/\/dlahutnikow.pl\/index.php\/wp-json\/wp\/v2\/comments?post=562"}],"version-history":[{"count":2,"href":"https:\/\/dlahutnikow.pl\/index.php\/wp-json\/wp\/v2\/pages\/562\/revisions"}],"predecessor-version":[{"id":749,"href":"https:\/\/dlahutnikow.pl\/index.php\/wp-json\/wp\/v2\/pages\/562\/revisions\/749"}],"wp:attachment":[{"href":"https:\/\/dlahutnikow.pl\/index.php\/wp-json\/wp\/v2\/media?parent=562"}],"curies":[{"name":"wp","href":"https:\/\/api.w.org\/{rel}","templated":true}]}}