{"id":570,"date":"2019-08-13T11:17:17","date_gmt":"2019-08-13T09:17:17","guid":{"rendered":"http:\/\/dlahutnikow.pl\/?page_id=570"},"modified":"2023-01-10T11:49:17","modified_gmt":"2023-01-10T10:49:17","slug":"oslony-twarzy","status":"publish","type":"page","link":"https:\/\/dlahutnikow.pl\/index.php\/ochrony-glowy\/oslony-twarzy\/","title":{"rendered":"Os\u0142ony twarzy"},"content":{"rendered":"\n<h3 class=\"wp-block-heading\">Os\u0142ony twarzy chroni\u0105ce przed promieniowaniem podczerwonym z filtrem poliw\u0119glanowym pokrytym z\u0142otem <\/h3>\n\n\n\n<p><\/p>\n\n\n\n<h4 class=\"wp-block-heading\"> <\/h4>\n\n\n\n<div class=\"wp-block-columns has-2-columns is-layout-flex wp-container-core-columns-is-layout-9d6595d7 wp-block-columns-is-layout-flex\">\n<div class=\"wp-block-column is-layout-flow wp-block-column-is-layout-flow\"><div class=\"wp-block-image\">\n<figure class=\"aligncenter is-resized\"><img loading=\"lazy\" decoding=\"async\" src=\"http:\/\/dlahutnikow.pl\/wp-content\/uploads\/2019\/08\/Os\u0142ona-z\u0142ota2-1024x737.jpg\" alt=\"\" class=\"wp-image-470\" width=\"402\" height=\"289\" srcset=\"https:\/\/dlahutnikow.pl\/wp-content\/uploads\/2019\/08\/Os\u0142ona-z\u0142ota2.jpg 1024w, https:\/\/dlahutnikow.pl\/wp-content\/uploads\/2019\/08\/Os\u0142ona-z\u0142ota2-300x216.jpg 300w, https:\/\/dlahutnikow.pl\/wp-content\/uploads\/2019\/08\/Os\u0142ona-z\u0142ota2-768x553.jpg 768w, https:\/\/dlahutnikow.pl\/wp-content\/uploads\/2019\/08\/Os\u0142ona-z\u0142ota2-600x432.jpg 600w, https:\/\/dlahutnikow.pl\/wp-content\/uploads\/2019\/08\/Os\u0142ona-z\u0142ota2-222x160.jpg 222w\" sizes=\"auto, (max-width: 402px) 100vw, 402px\" \/><\/figure>\n<\/div><\/div>\n\n\n\n<div class=\"wp-block-column is-layout-flow wp-block-column-is-layout-flow\">\n<p>Os\u0142ony twarzy chroni\u0105ce przed promieniowaniem podczerwonym zapewniaj\u0105  ochron\u0119 przed szkodliwym promieniowaniem i gor\u0105cymi odpryskami  wyst\u0119puj\u0105cymi na stanowiskach gor\u0105cych.<\/p>\n\n\n\n<p>Os\u0142ony twarzy chroni\u0105ce przed promieniowaniem podczerwonym z filtrem poliw\u0119glanowym pokrytym z\u0142otem znajduj\u0105 zastosowanie w hutach stali, odlewniach \u017celiwa, odlewniach aluminium, koksowniach, ku\u017aniach, hartowniach, hutach szk\u0142a<\/p>\n\n\n\n<p>Materia\u0142: wizjer z poliw\u0119glanu pokrytego z\u0142otem, uchwyt nahe\u0142mowy z aluminium<\/p>\n\n\n\n<p>P\u0142ynne uchylanie wizjera<\/p>\n\n\n\n<p>Dopasowane do he\u0142m\u00f3w: Peltor, Schuberth, Voss, Uvex, 3M, MSA<\/p>\n\n\n\n<p>Normy: EN 166, EN 171<\/p>\n\n\n\n<p>Wymiary: 500&#215;250 mm<\/p>\n\n\n\n<p>Stopnie ochrony: 4-4, 4-5<\/p>\n<\/div>\n<\/div>\n\n\n<p><\/p>\n\n\n<h3 class=\"wp-block-heading\">Os\u0142ony twarzy chroni\u0105ce przed promieniowaniem podczerwonym z siatki stalowej z filtrem infrazor <\/h3>\n\n\n\n<p><\/p>\n\n\n\n<p><\/p>\n\n\n\n<div class=\"wp-block-columns has-2-columns is-layout-flex wp-container-core-columns-is-layout-9d6595d7 wp-block-columns-is-layout-flex\">\n<div class=\"wp-block-column is-layout-flow wp-block-column-is-layout-flow\">\n<p>Os\u0142ony twarzy chroni\u0105ce przed promieniowaniem podczerwonym z siatki  stalowej z filtrem infrazor znajduj\u0105 zastosowanie w hutach stali, odlewniach \u017celiwa, odlewniach aluminium, koksowniach, ku\u017aniach, hartowniach, hutach szk\u0142a<\/p>\n\n\n\n<p>Materia\u0142: wizjer z siatki stalowej z ramk\u0105 na filtr szklany INFRAZOR, uchwyt nahe\u0142mowy z aluminium<\/p>\n\n\n\n<p>P\u0142ynne uchylanie wizjera<\/p>\n\n\n\n<p>\nDopasowane do he\u0142m\u00f3w: Peltor, Schubert, Voss, Uvex, 3M, MSA \n\n<\/p>\n\n\n\n<p>Normy: EN 166, EN 171, EN1731  <br><\/p>\n\n\n\n<p>Wymiary siatki 500\u00d7250 mm, wymiary filtra 120\u00d760 mm<\/p>\n\n\n\n<p>Stopnie ochrony: 4-3, 4-4, 4-5, 4-6, 4-7, 4-8<\/p>\n\n\n\n<p><br><\/p>\n\n\n\n<p><br><\/p>\n\n\n\n<p><br><\/p>\n<\/div>\n\n\n\n<div class=\"wp-block-column is-layout-flow wp-block-column-is-layout-flow\"><div class=\"wp-block-image\">\n<figure class=\"aligncenter is-resized\"><img loading=\"lazy\" decoding=\"async\" src=\"http:\/\/dlahutnikow.pl\/wp-content\/uploads\/2019\/08\/Os\u0142ona-siatkowa-z-filtrem-970x1024.jpg\" alt=\"\" class=\"wp-image-472\" width=\"328\" height=\"346\"\/><\/figure>\n<\/div><\/div>\n<\/div>\n","protected":false},"excerpt":{"rendered":"<p>Os\u0142ony twarzy chroni\u0105ce przed promieniowaniem podczerwonym z filtrem poliw\u0119glanowym pokrytym z\u0142otem Os\u0142ony twarzy chroni\u0105ce przed promieniowaniem podczerwonym zapewniaj\u0105 ochron\u0119 przed szkodliwym promieniowaniem i gor\u0105cymi odpryskami wyst\u0119puj\u0105cymi na stanowiskach gor\u0105cych. Os\u0142ony twarzy chroni\u0105ce przed promieniowaniem podczerwonym z filtrem poliw\u0119glanowym pokrytym z\u0142otem znajduj\u0105 zastosowanie w hutach stali, odlewniach \u017celiwa, odlewniach aluminium, koksowniach, ku\u017aniach, hartowniach, hutach szk\u0142a Materia\u0142:&hellip;&nbsp;<a href=\"https:\/\/dlahutnikow.pl\/index.php\/ochrony-glowy\/oslony-twarzy\/\" rel=\"bookmark\">Dowiedz si\u0119 wi\u0119cej &raquo;<span class=\"screen-reader-text\">Os\u0142ony twarzy<\/span><\/a><\/p>\n","protected":false},"author":1,"featured_media":0,"parent":568,"menu_order":0,"comment_status":"closed","ping_status":"closed","template":"","meta":{"neve_meta_sidebar":"","neve_meta_container":"","neve_meta_enable_content_width":"","neve_meta_content_width":0,"neve_meta_title_alignment":"","neve_meta_author_avatar":"","neve_post_elements_order":"","neve_meta_disable_header":"","neve_meta_disable_footer":"","neve_meta_disable_title":"","footnotes":""},"class_list":["post-570","page","type-page","status-publish","hentry"],"aioseo_notices":[],"_links":{"self":[{"href":"https:\/\/dlahutnikow.pl\/index.php\/wp-json\/wp\/v2\/pages\/570","targetHints":{"allow":["GET"]}}],"collection":[{"href":"https:\/\/dlahutnikow.pl\/index.php\/wp-json\/wp\/v2\/pages"}],"about":[{"href":"https:\/\/dlahutnikow.pl\/index.php\/wp-json\/wp\/v2\/types\/page"}],"author":[{"embeddable":true,"href":"https:\/\/dlahutnikow.pl\/index.php\/wp-json\/wp\/v2\/users\/1"}],"replies":[{"embeddable":true,"href":"https:\/\/dlahutnikow.pl\/index.php\/wp-json\/wp\/v2\/comments?post=570"}],"version-history":[{"count":26,"href":"https:\/\/dlahutnikow.pl\/index.php\/wp-json\/wp\/v2\/pages\/570\/revisions"}],"predecessor-version":[{"id":728,"href":"https:\/\/dlahutnikow.pl\/index.php\/wp-json\/wp\/v2\/pages\/570\/revisions\/728"}],"up":[{"embeddable":true,"href":"https:\/\/dlahutnikow.pl\/index.php\/wp-json\/wp\/v2\/pages\/568"}],"wp:attachment":[{"href":"https:\/\/dlahutnikow.pl\/index.php\/wp-json\/wp\/v2\/media?parent=570"}],"curies":[{"name":"wp","href":"https:\/\/api.w.org\/{rel}","templated":true}]}}