{"id":572,"date":"2019-08-13T11:17:32","date_gmt":"2019-08-13T09:17:32","guid":{"rendered":"http:\/\/dlahutnikow.pl\/?page_id=572"},"modified":"2023-01-10T11:42:08","modified_gmt":"2023-01-10T10:42:08","slug":"helmy-ochronne","status":"publish","type":"page","link":"https:\/\/dlahutnikow.pl\/index.php\/ochrony-glowy\/helmy-ochronne\/","title":{"rendered":"He\u0142my ochronne"},"content":{"rendered":"\n<h3 class=\"wp-block-heading\"> He\u0142my ochronne BOP<\/h3>\n\n\n\n<p><\/p>\n\n\n\n<div class=\"wp-block-columns has-2-columns is-layout-flex wp-container-core-columns-is-layout-9d6595d7 wp-block-columns-is-layout-flex\">\n<div class=\"wp-block-column is-layout-flow wp-block-column-is-layout-flow\">\n<figure class=\"wp-block-image\"><img loading=\"lazy\" decoding=\"async\" width=\"660\" height=\"452\" src=\"http:\/\/dlahutnikow.pl\/wp-content\/uploads\/2019\/08\/BOP-I79GW.png\" alt=\"\" class=\"wp-image-468\" srcset=\"https:\/\/dlahutnikow.pl\/wp-content\/uploads\/2019\/08\/BOP-I79GW.png 660w, https:\/\/dlahutnikow.pl\/wp-content\/uploads\/2019\/08\/BOP-I79GW-300x205.png 300w, https:\/\/dlahutnikow.pl\/wp-content\/uploads\/2019\/08\/BOP-I79GW-600x411.png 600w, https:\/\/dlahutnikow.pl\/wp-content\/uploads\/2019\/08\/BOP-I79GW-234x160.png 234w\" sizes=\"auto, (max-width: 660px) 100vw, 660px\" \/><\/figure>\n<\/div>\n\n\n\n<div class=\"wp-block-column is-layout-flow wp-block-column-is-layout-flow\">\n<p>Przemys\u0142owe he\u0142my ochronne BOP, duroplastyczne UP-GF,  wzmocnione w\u0142\u00f3knem szklanym i nienasyconymi poliestrami. He\u0142m znajduje zastosowanie przy pracach w wysokiej temperaturze, przemy\u015ble stalowym, chemicznym, na stanowiskach z wysok\u0105 ekspozycj\u0105 na promieniowanie UV, na stanowiskach wymagaj\u0105cych wysokich i zr\u00f3\u017cnicowanych wymog\u00f3w bezpiecze\u0144stwa.<\/p>\n\n\n\n<p>Zalety:<\/p>\n\n\n\n<p>&#8211; stabilne wymiary w wysokich temperaturach, nie odkszta\u0142ca si\u0119 pod wp\u0142ywem temperatury<\/p>\n\n\n\n<p>&#8211; wysoka odporno\u015b\u0107 na przebicie i uderzenie<\/p>\n\n\n\n<p>&#8211; wysoka sztywno\u015b\u0107 boczna<\/p>\n\n\n\n<p>&#8211; niewra\u017cliwy na dzia\u0142anie chemikali\u00f3w<\/p>\n\n\n\n<p>&#8211; wysoka stabilno\u015b\u0107 starzenia (zapewnia d\u0142ugi okres bezpiecznego u\u017cytkowania)<\/p>\n\n\n\n<p>&#8211; optymalne dopasowanie dzi\u0119ki 3 rozmiarom skorupy<\/p>\n\n\n\n<p>&#8211; wysoki komfort noszenia i bezpiecze\u0144stwo dzi\u0119ki ergonomicznie ukszta\u0142towanej, \u0142atwej do dopasowania wi\u0119\u017abie<\/p>\n\n\n\n<p>Norma: EN 397<\/p>\n<\/div>\n<\/div>\n","protected":false},"excerpt":{"rendered":"<p>He\u0142my ochronne BOP Przemys\u0142owe he\u0142my ochronne BOP, duroplastyczne UP-GF, wzmocnione w\u0142\u00f3knem szklanym i nienasyconymi poliestrami. He\u0142m znajduje zastosowanie przy pracach w wysokiej temperaturze, przemy\u015ble stalowym, chemicznym, na stanowiskach z wysok\u0105 ekspozycj\u0105 na promieniowanie UV, na stanowiskach wymagaj\u0105cych wysokich i zr\u00f3\u017cnicowanych wymog\u00f3w bezpiecze\u0144stwa. Zalety: &#8211; stabilne wymiary w wysokich temperaturach, nie odkszta\u0142ca si\u0119 pod wp\u0142ywem temperatury&hellip;&nbsp;<a href=\"https:\/\/dlahutnikow.pl\/index.php\/ochrony-glowy\/helmy-ochronne\/\" rel=\"bookmark\">Dowiedz si\u0119 wi\u0119cej &raquo;<span class=\"screen-reader-text\">He\u0142my ochronne<\/span><\/a><\/p>\n","protected":false},"author":1,"featured_media":0,"parent":568,"menu_order":0,"comment_status":"closed","ping_status":"closed","template":"","meta":{"neve_meta_sidebar":"","neve_meta_container":"","neve_meta_enable_content_width":"","neve_meta_content_width":0,"neve_meta_title_alignment":"","neve_meta_author_avatar":"","neve_post_elements_order":"","neve_meta_disable_header":"","neve_meta_disable_footer":"","neve_meta_disable_title":"","footnotes":""},"class_list":["post-572","page","type-page","status-publish","hentry"],"aioseo_notices":[],"_links":{"self":[{"href":"https:\/\/dlahutnikow.pl\/index.php\/wp-json\/wp\/v2\/pages\/572","targetHints":{"allow":["GET"]}}],"collection":[{"href":"https:\/\/dlahutnikow.pl\/index.php\/wp-json\/wp\/v2\/pages"}],"about":[{"href":"https:\/\/dlahutnikow.pl\/index.php\/wp-json\/wp\/v2\/types\/page"}],"author":[{"embeddable":true,"href":"https:\/\/dlahutnikow.pl\/index.php\/wp-json\/wp\/v2\/users\/1"}],"replies":[{"embeddable":true,"href":"https:\/\/dlahutnikow.pl\/index.php\/wp-json\/wp\/v2\/comments?post=572"}],"version-history":[{"count":6,"href":"https:\/\/dlahutnikow.pl\/index.php\/wp-json\/wp\/v2\/pages\/572\/revisions"}],"predecessor-version":[{"id":722,"href":"https:\/\/dlahutnikow.pl\/index.php\/wp-json\/wp\/v2\/pages\/572\/revisions\/722"}],"up":[{"embeddable":true,"href":"https:\/\/dlahutnikow.pl\/index.php\/wp-json\/wp\/v2\/pages\/568"}],"wp:attachment":[{"href":"https:\/\/dlahutnikow.pl\/index.php\/wp-json\/wp\/v2\/media?parent=572"}],"curies":[{"name":"wp","href":"https:\/\/api.w.org\/{rel}","templated":true}]}}