{"id":795,"date":"2024-07-26T12:04:50","date_gmt":"2024-07-26T10:04:50","guid":{"rendered":"https:\/\/dlahutnikow.pl\/?page_id=795"},"modified":"2024-07-26T12:24:44","modified_gmt":"2024-07-26T10:24:44","slug":"maski-filtrujace-przeciwpylowe","status":"publish","type":"page","link":"https:\/\/dlahutnikow.pl\/index.php\/maski-filtrujace-przeciwpylowe\/","title":{"rendered":"Maski filtruj\u0105ce przeciwpy\u0142owe"},"content":{"rendered":"\n<p>Maski filtruj\u0105ce przeciwpy\u0142owe P3 s\u0142u\u017c\u0105 do ochrony przed py\u0142em, dymem, mg\u0142\u0105. Maski posiadaj\u0105 wymienne filtry.<\/p>\n\n\n\n<p><strong>Zastosowanie:<\/strong><br><em>Szlifowanie:<\/em> dymy i py\u0142y metaliczne; <em>Ozon:<\/em> do 10 x WEL; <em>Produkcja:<\/em> w\u0142\u00f3kno szklane, w\u0142\u00f3kna proszki, wirusy kompozytowe, dymy; <em>Budownictwo:<\/em> py\u0142 krzemowy, azbest, py\u0142y betonowe, py\u0142y kamienne, py\u0142y zag\u0119szczone, obr\u00f3bka drewna, py\u0142y cementowe, ple\u015b\u0144; <em>Przemys\u0142 spo\u017cywczy:<\/em> drobiarstwo, py\u0142y mleczarniane, przyprawy, py\u0142 zbo\u017cowy; <em>G\u00f3rnictwo:<\/em> py\u0142 w\u0119glowy, py\u0142 krzemowy; <em>Farmacja:<\/em> proszki, wirusy.<\/p>\n\n\n\n<p><strong>Normy:<\/strong><br>EN140: 1998 Maska<br>EN143: 2000+A1: 2006 Filtr P3<\/p>\n\n\n\n<p><strong>Materia\u0142y:<\/strong><br><strong>Plisowane, wymienne filtry P3:<\/strong> minimalna sprawno\u015b\u0107 99,95% przy wielko\u015bci cz\u0105stki 0,3 mikrona i op\u00f3r oddychania 3 mbar przy przep\u0142ywie 47,5 l\/min dla ka\u017cdego filtra. Filtr mechaniczny wielowarstwowy typu HESPA<sup>\u00ae<\/sup>. Syntetyczne medium oblane elastyczn\u0105 warstw\u0105 mi\u0119kkiego TPE.<br><strong>Maska:<\/strong> TPE jako\u015bci medycznej zgodny z ISO 10993-10: 2010 zapewniaj\u0105cy hipoalergiczno\u015b\u0107. Cz\u0119\u015b\u0107 twarzowa nie zawiera element\u00f3w lateksowych oraz silikonowych. Wykonana z materia\u0142u bezwonnego. Korpus zaworu nylonowy, p\u0142atki zawor\u00f3w silikonowe. 4 punktowe paski nag\u0142owia z komfortow\u0105 wy\u015bci\u00f3\u0142k\u0105 z TPE.<br><strong>Gogle:<\/strong> Poliw\u0119glan oblany mi\u0119kkim TPE. Na sta\u0142e przytwierdzone do maski za pomoc\u0105 nierdzewnych zatrzask\u00f3w.<\/p>\n\n\n\n<p><strong>Charakterystyka:<\/strong><br>S\u0105 to jedne z najl\u017cejszych w swojej klasie masek na rynku, ich ergonomiczny kszta\u0142t zapewnia u\u017cytkownikowi maksymaln\u0105 widoczno\u015b\u0107, mo\u017cna j\u0105 bezpiecznie nosi\u0107 z okularami ochronnymi, he\u0142mami i ochronnikami s\u0142uchu, a mo\u017cliwo\u015b\u0107 wymiany filtr\u00f3w wyd\u0142u\u017ca ca\u0142kowity okres u\u017cytkowania maski. Seria niezwykle lekkich masek, kt\u00f3re idealnie dopasowuj\u0105 si\u0119 do kszta\u0142tu twarzy, nie przeszkadzaj\u0105c u\u017cytkownikowi. Kompaktowy profil korpusu i filtr\u00f3w zapewnia wszystkim maskom z serii ELIPSE<sup>\u00ae<\/sup> idealne uszczelnienie twarzy i mo\u017cliwie najwi\u0119ksze pole widzenia podczas u\u017cytkowania, nie utrudniaj\u0105c stosowania innych, wybranych przez u\u017cytkownik\u00f3w \u015brodk\u00f3w ochrony wzroku lub s\u0142uchu.<\/p>\n\n\n\n<div class=\"wp-block-columns is-layout-flex wp-container-core-columns-is-layout-9d6595d7 wp-block-columns-is-layout-flex\">\n<div class=\"wp-block-column is-layout-flow wp-block-column-is-layout-flow\"><div class=\"wp-block-image\">\n<figure class=\"aligncenter size-full is-resized\"><img loading=\"lazy\" decoding=\"async\" width=\"365\" height=\"329\" src=\"https:\/\/dlahutnikow.pl\/wp-content\/uploads\/2024\/07\/Maska-P3-1.jpg\" alt=\"\" class=\"wp-image-782\" style=\"width:289px;height:auto\" srcset=\"https:\/\/dlahutnikow.pl\/wp-content\/uploads\/2024\/07\/Maska-P3-1.jpg 365w, https:\/\/dlahutnikow.pl\/wp-content\/uploads\/2024\/07\/Maska-P3-1-300x270.jpg 300w, https:\/\/dlahutnikow.pl\/wp-content\/uploads\/2024\/07\/Maska-P3-1-178x160.jpg 178w\" sizes=\"auto, (max-width: 365px) 100vw, 365px\" \/><\/figure>\n<\/div>\n\n\n<p class=\"has-text-align-center\">Kod towaru: EL-GE-ML<\/p>\n<\/div>\n\n\n\n<div class=\"wp-block-column is-layout-flow wp-block-column-is-layout-flow\">\n<p class=\"has-text-align-center\">Zobacz tak\u017ce:<\/p>\n\n\n<div class=\"wp-block-image\">\n<figure class=\"aligncenter size-full is-resized\"><a href=\"https:\/\/dlahutnikow.pl\/index.php\/gogle-filtrujace-przeciwpylowe\/\"><img loading=\"lazy\" decoding=\"async\" width=\"430\" height=\"441\" src=\"https:\/\/dlahutnikow.pl\/wp-content\/uploads\/2024\/07\/Maska-P3-z-wizjerem-1.jpg\" alt=\"\" class=\"wp-image-783\" style=\"width:198px;height:auto\" srcset=\"https:\/\/dlahutnikow.pl\/wp-content\/uploads\/2024\/07\/Maska-P3-z-wizjerem-1.jpg 430w, https:\/\/dlahutnikow.pl\/wp-content\/uploads\/2024\/07\/Maska-P3-z-wizjerem-1-293x300.jpg 293w, https:\/\/dlahutnikow.pl\/wp-content\/uploads\/2024\/07\/Maska-P3-z-wizjerem-1-156x160.jpg 156w\" sizes=\"auto, (max-width: 430px) 100vw, 430px\" \/><\/a><\/figure>\n<\/div>\n\n\n<p class=\"has-text-align-center\"><a href=\"https:\/\/dlahutnikow.pl\/index.php\/gogle-filtrujace-przeciwpylowe\/\" title=\"\">Gogle filtruj\u0105ce przeciwpy\u0142owe<\/a><\/p>\n<\/div>\n<\/div>\n","protected":false},"excerpt":{"rendered":"<p>Maski filtruj\u0105ce przeciwpy\u0142owe P3 s\u0142u\u017c\u0105 do ochrony przed py\u0142em, dymem, mg\u0142\u0105. Maski posiadaj\u0105 wymienne filtry. Zastosowanie:Szlifowanie: dymy i py\u0142y metaliczne; Ozon: do 10 x WEL; Produkcja: w\u0142\u00f3kno szklane, w\u0142\u00f3kna proszki, wirusy kompozytowe, dymy; Budownictwo: py\u0142 krzemowy, azbest, py\u0142y betonowe, py\u0142y kamienne, py\u0142y zag\u0119szczone, obr\u00f3bka drewna, py\u0142y cementowe, ple\u015b\u0144; Przemys\u0142 spo\u017cywczy: drobiarstwo, py\u0142y mleczarniane, przyprawy, py\u0142&hellip;&nbsp;<a href=\"https:\/\/dlahutnikow.pl\/index.php\/maski-filtrujace-przeciwpylowe\/\" rel=\"bookmark\">Dowiedz si\u0119 wi\u0119cej &raquo;<span class=\"screen-reader-text\">Maski filtruj\u0105ce przeciwpy\u0142owe<\/span><\/a><\/p>\n","protected":false},"author":1,"featured_media":0,"parent":0,"menu_order":0,"comment_status":"closed","ping_status":"closed","template":"","meta":{"neve_meta_sidebar":"","neve_meta_container":"","neve_meta_enable_content_width":"","neve_meta_content_width":0,"neve_meta_title_alignment":"","neve_meta_author_avatar":"","neve_post_elements_order":"","neve_meta_disable_header":"","neve_meta_disable_footer":"","neve_meta_disable_title":"","footnotes":""},"class_list":["post-795","page","type-page","status-publish","hentry"],"aioseo_notices":[],"_links":{"self":[{"href":"https:\/\/dlahutnikow.pl\/index.php\/wp-json\/wp\/v2\/pages\/795","targetHints":{"allow":["GET"]}}],"collection":[{"href":"https:\/\/dlahutnikow.pl\/index.php\/wp-json\/wp\/v2\/pages"}],"about":[{"href":"https:\/\/dlahutnikow.pl\/index.php\/wp-json\/wp\/v2\/types\/page"}],"author":[{"embeddable":true,"href":"https:\/\/dlahutnikow.pl\/index.php\/wp-json\/wp\/v2\/users\/1"}],"replies":[{"embeddable":true,"href":"https:\/\/dlahutnikow.pl\/index.php\/wp-json\/wp\/v2\/comments?post=795"}],"version-history":[{"count":2,"href":"https:\/\/dlahutnikow.pl\/index.php\/wp-json\/wp\/v2\/pages\/795\/revisions"}],"predecessor-version":[{"id":802,"href":"https:\/\/dlahutnikow.pl\/index.php\/wp-json\/wp\/v2\/pages\/795\/revisions\/802"}],"wp:attachment":[{"href":"https:\/\/dlahutnikow.pl\/index.php\/wp-json\/wp\/v2\/media?parent=795"}],"curies":[{"name":"wp","href":"https:\/\/api.w.org\/{rel}","templated":true}]}}